{"id":16,"date":"2023-09-23T16:49:48","date_gmt":"2023-09-23T14:49:48","guid":{"rendered":"http:\/\/lukasinski.dg.pl\/?page_id=16"},"modified":"2023-09-23T17:08:50","modified_gmt":"2023-09-23T15:08:50","slug":"historia","status":"publish","type":"page","link":"https:\/\/lukasinski.dg.pl\/?page_id=16","title":{"rendered":"Historia"},"content":{"rendered":"\n<p class=\"has-text-align-center\">Historia szko\u0142y<\/p>\n\n\n\n<p class=\"has-text-align-center\"><strong>I Liceum Og\u00f3lnokszta\u0142c\u0105ce im.&nbsp;Waleriana \u0141ukasi\u0144skiego&nbsp;w D\u0105browie G\u00f3rniczej<\/strong>&nbsp;ma ponad stuletni\u0105 histori\u0119. W&nbsp;1900&nbsp;roku Emilia Zawicka wraz z Helen\u0105 Pra\u017cmowsk\u0105 za\u0142o\u017cy\u0142y pierwsz\u0105 w dziejach D\u0105browy G\u00f3rniczej prywatn\u0105 szko\u0142\u0119 og\u00f3lnokszta\u0142c\u0105c\u0105, czyli Gimnazjum \u017be\u0144skie przy ulicy Klubowej 10 (obecnie 3-go Maja). Nauka w szkole odbywa\u0142a si\u0119 wed\u0142ug programu zatwierdzonego przez w\u0142adze carskie, uzupe\u0142nionego o nauczan\u0105 w konspiracji histori\u0119 i literatur\u0119 polsk\u0105. W 1918 roku powsta\u0142o natomiast w D\u0105browie pierwsze prywatne Gimnazjum M\u0119skie. Siedziba szko\u0142y mie\u015bci\u0142a si\u0119 w gmachu Sztygarki. Po upa\u0144stwowieniu szko\u0142y w roku 1922, przyj\u0119to za patrona Waleriana \u0141ukasi\u0144skiego.<\/p>\n\n\n\n<p class=\"has-text-align-center\">To w\u0142a\u015bnie te dwie szko\u0142y sta\u0142y si\u0119 kamieniami w\u0119gielnymi dla powstania p\u00f3\u017cniejszego Liceum Og\u00f3lnokszta\u0142c\u0105cego.<\/p>\n\n\n\n<p class=\"has-text-align-center\">W 1948 roku szko\u0142a Emilii Zawidzkiej otrzyma\u0142a now\u0105 siedzib\u0119 przy ulicy Kr\u00f3lowej Jadwigi, gdzie r\u00f3wnie\u017c przeprowadzono Gimnazjum M\u0119skie im. Waleriana \u0141ukasi\u0144skiego. W 1951 roku po\u0142\u0105czono Gimnazjum \u017be\u0144skie i Gimnazjum M\u0119skie w jedn\u0105 szko\u0142\u0119 o nazwie Liceum Koedukacyjne im. Waleriana \u0141ukasi\u0144skiego.<\/p>\n\n\n\n<p class=\"has-text-align-center\">W ci\u0105gu nast\u0119pnych lat szko\u0142a zmienia\u0142a swoje siedziby. W 1955 roku przeprowadzono szko\u0142\u0119 do nowego budynku przy ulicy Konopnickiej 56 a nastepnie do budynku przy ul. Kopernika 40. R\u00f3wnocze\u015bnie ustalono nazw\u0119 szko\u0142y na I Liceum Og\u00f3lnokszta\u0142c\u0105ce im. Aleksandra Zawadzkiego. 19 pa\u017adziernika 1996 roku powr\u00f3cono do nazwy I Liceum Og\u00f3lnokszta\u0142c\u0105ce im. Waleriana \u0141ukasi\u0144skiego.<\/p>\n\n\n\n<p class=\"has-text-align-center\"><br><strong>Dyrektorzy Gimnazjum \u017be\u0144skiego:<\/strong><\/p>\n\n\n\n<p class=\"has-text-align-center\">1. Emilia Zawidzka \u2013&nbsp;<strong>1900- 1927 (z przerw\u0105 1909- 1915)<\/strong><br>2. Antonii Sujkowski \u2013&nbsp;<strong>1909- 1915<\/strong><br>3. Leokadia M\u0142odzianowska-Dzikowska \u2013<strong>&nbsp;1927- 1935<\/strong><br>4. Maria Reichan \u2013&nbsp;<strong>1935- 1936<\/strong><br>5. Maria Jaroszowa \u2013&nbsp;<strong>1936- 1938<\/strong><br>6. Ludmi\u0142a Danielewiczowa \u2013<strong>&nbsp;1938- 1939<\/strong><br>7. Maria Szulc \u2013&nbsp;<strong>1945- 1950<\/strong><\/p>\n\n\n\n<p class=\"has-text-align-center\"><strong>\ufeffDyrektorzy Gimnazjum M\u0119skiego<\/strong>:<\/p>\n\n\n\n<p class=\"has-text-align-center\">1. brak danych \u2013&nbsp;<strong>1918- 1921<\/strong><br>2. Stanis\u0142aw Wrzosek \u2013&nbsp;<strong>1921 \u2013 1928<\/strong><br>3. Waldemar Zilinger \u2013&nbsp;<strong>1928 \u2013 1933<\/strong><br>4. Stefan Wasilewski \u2013&nbsp;<strong>1933 \u2013 1939<\/strong><br>5. Antoni Pilarz \u2013&nbsp;<strong>1945-1945<\/strong><br>6. Stefan Wasilewski \u2013&nbsp;<strong>1945- 1946<\/strong><br>7. Stanis\u0142aw Krzanowski \u2013&nbsp;<strong>1946- 1951<\/strong><\/p>\n\n\n\n<p class=\"has-text-align-center\"><strong>Dyrektorzy Liceum Koedukacyjnego:<\/strong><\/p>\n\n\n\n<p class=\"has-text-align-center\">1. Stanis\u0142aw Krzanowski \u2013&nbsp;<strong>1951 \u2013 1958<\/strong><br>2. Maria Saternus \u2013&nbsp;<strong>1958 \u2013 1973<\/strong><br>3. Jan Kyzio\u0142 \u2013&nbsp;<strong>1973 \u2013 1983<\/strong><br>4. Krzysztof Mendewski \u2013&nbsp;<strong>1983 \u2013 1991<\/strong><br>5. Zofia \u017burek \u2013&nbsp;<strong>1991 \u2013 2006<\/strong><br>6. Beata Bo\u0144czak \u2013&nbsp;<strong>2006 \u2013 nadal<\/strong><\/p>\n","protected":false},"excerpt":{"rendered":"<p>Historia szko\u0142y I Liceum Og\u00f3lnokszta\u0142c\u0105ce im.&nbsp;Waleriana \u0141ukasi\u0144skiego&nbsp;w D\u0105browie G\u00f3rniczej&nbsp;ma ponad stuletni\u0105 histori\u0119. W&nbsp;1900&nbsp;roku Emilia Zawicka wraz z Helen\u0105 Pra\u017cmowsk\u0105 za\u0142o\u017cy\u0142y pierwsz\u0105 w dziejach D\u0105browy G\u00f3rniczej&hellip;<\/p>\n","protected":false},"author":1,"featured_media":0,"parent":0,"menu_order":0,"comment_status":"closed","ping_status":"closed","template":"","meta":{"footnotes":""},"class_list":["post-16","page","type-page","status-publish","hentry"],"_links":{"self":[{"href":"https:\/\/lukasinski.dg.pl\/index.php?rest_route=\/wp\/v2\/pages\/16","targetHints":{"allow":["GET"]}}],"collection":[{"href":"https:\/\/lukasinski.dg.pl\/index.php?rest_route=\/wp\/v2\/pages"}],"about":[{"href":"https:\/\/lukasinski.dg.pl\/index.php?rest_route=\/wp\/v2\/types\/page"}],"author":[{"embeddable":true,"href":"https:\/\/lukasinski.dg.pl\/index.php?rest_route=\/wp\/v2\/users\/1"}],"replies":[{"embeddable":true,"href":"https:\/\/lukasinski.dg.pl\/index.php?rest_route=%2Fwp%2Fv2%2Fcomments&post=16"}],"version-history":[{"count":2,"href":"https:\/\/lukasinski.dg.pl\/index.php?rest_route=\/wp\/v2\/pages\/16\/revisions"}],"predecessor-version":[{"id":94,"href":"https:\/\/lukasinski.dg.pl\/index.php?rest_route=\/wp\/v2\/pages\/16\/revisions\/94"}],"wp:attachment":[{"href":"https:\/\/lukasinski.dg.pl\/index.php?rest_route=%2Fwp%2Fv2%2Fmedia&parent=16"}],"curies":[{"name":"wp","href":"https:\/\/api.w.org\/{rel}","templated":true}]}}