{"id":18,"date":"2023-09-23T16:50:01","date_gmt":"2023-09-23T14:50:01","guid":{"rendered":"http:\/\/lukasinski.dg.pl\/?page_id=18"},"modified":"2025-09-05T11:52:01","modified_gmt":"2025-09-05T09:52:01","slug":"grono-pedagogiczne","status":"publish","type":"page","link":"https:\/\/lukasinski.dg.pl\/?page_id=18","title":{"rendered":"Grono pedagogiczne"},"content":{"rendered":"\n<p class=\"has-text-align-center\">ROK SZKOLNY 2025\/2026<\/p>\n\n\n\n<p><strong>Dyrektor Szko\u0142y<\/strong>&nbsp;\u2013 mgr Beata Bo\u0144czak: chemia \u2013 egzaminator<br><strong>Zast\u0119pca Dyrektora Szko\u0142y<\/strong>&nbsp;\u2013 <strong>mgr Monika Muszkat \u2013 Zieli\u0144ska<\/strong>&nbsp;\u2013 chemia \u2013 egzaminator, fizyka<\/p>\n\n\n\n<p><strong>mgr Monika Antosik<\/strong>\u00a0\u2013 j. polski \u2013 egzaminator, filozofia, bibliotekarz szkolny<br><strong>mgr Izabela Bali\u0144ska-Lech <\/strong>&#8211; matematyka<br><strong>mgr Paulina Szewczyk-B\u0119dziszewska &#8211; chemia<\/strong>\u00a0<br><strong>mgr Anna Bijak\u00a0<\/strong>\u2013 j. angielski \u2013 egzaminator<br><strong>mgr Dagmara Bugaj<\/strong>\u00a0\u2013 j. polski \u2013 egzaminator<br><strong>mgr Iwona Chory\u0144<\/strong>\u00a0\u2013 j. angielski &#8211; egzaminator<br><strong>mgr Joanna Dobczy\u0144ska-W\u00f3jcik<\/strong>\u00a0\u2013 j. niemiecki \u2013 egzaminator, filozofia, etyka<br><strong>mgr Magdalena Doroz<\/strong>\u00a0\u2013 biologia<br><strong>mgr Aleksandra Dul\u00a0<\/strong>\u2013 j. angielski \u2013 egzaminator, biznes i zarz\u0105dzanie<br><strong>mgr Anna Dziechciarz<\/strong>\u00a0\u2013 j. hiszpa\u0144ski<br><strong>mgr Beata Federowicz<\/strong>\u00a0\u2013 geografia \u2013 egzaminator<br><strong>mgr Iwona Hajducka<\/strong>\u00a0\u2013 matematyka \u2013 egzaminator<br><strong>mgr Ma\u0142gorzata Hat<\/strong>\u2013 wiedza o spo\u0142ecze\u0144stwie \u2013 egzaminator, historia, elementy prawa<br><strong>mgr Katarzyna Jasiak<\/strong>\u00a0\u2013 j. polski \u2013 egzaminator, geografia<br><strong>mgr Monika J\u0119dryczka<\/strong>\u00a0\u2013 biologia \u2013 egzaminator, doradca zawodowy<br><strong>mgr Joanna Ka\u0144ska: <\/strong>j\u0119zyk angielski \u2013 egzaminator<br><strong>mgr Tomasz Ka\u0144ski<\/strong>\u00a0\u2013 informatyka, fizyka<br><strong>mgr Dominika K\u0142oda \u2013 Burska<\/strong>\u00a0\u2013 psycholog, pedagog specjalny, edukacja zdrowotna<br><strong>mgr Zuzanna Kobry\u0144\u00a0<\/strong>\u2013 j. angielski \u2013 egzaminator, biologia<br><strong>mgr Kamila Kosk-Joniec<\/strong> &#8211; fizyka<br><strong>mgr Jadwiga Kowalik<\/strong>\u00a0\u2013 j\u0119zyk polski \u2013 egzaminator, bibliotekarz szkolny<br><strong>mgr<\/strong> <strong>Ewelina Kry\u0144ska<\/strong> &#8211; historia, wos, edukacja obywatelska, elementy prawa<br><strong>mgr Anna Kucharska \u2013 Hul<\/strong>\u00a0\u2013 psycholog<br><strong>mgr Marek Kulisz<\/strong>\u00a0\u2013 wychowanie fizyczne<br><strong>dr Ewa Lis<\/strong>\u00a0\u2013 j. angielski \u2013 egzaminator, etyka<br><strong>mgr Agnieszka \u0141\u00f3j &#8211; <\/strong>geografia<br><strong>mgr Anna Madejska-B\u0105k\u00a0<\/strong>\u2013 matematyka \u2013 egzaminator<br><strong>mgr Monika Ma\u015blanka-Kowalczyk<\/strong>\u00a0\u2013 j. angielski<br><strong>mgr Dobros\u0142awa Mazur\u00a0<\/strong>\u2013 historia \u2013 egzaminator, wiedza o spo\u0142ecze\u0144stwie<br><strong>mgr Joanna Mermel<\/strong> &#8211; j. hiszpa\u0144ski<br><strong>mgr Ewelina Najduch <\/strong>&#8211; wychowanie fizyczne, edukacja zdrowotna<br><strong>mgr Katarzyna Orze\u0142\u00a0<\/strong>\u2013 j. niemiecki \u2013 egzaminator, biznes i zarz\u0105dzanie<br><strong>mgr Ewa Pawik\u00a0<\/strong>\u2013 j.polski \u2013 egzaminator, etyka, filozofia<br><strong>mgr Dorota Pawlik-Nurczy\u0144ska<\/strong>\u00a0\u2013 matematyka<br><strong>mgr Joanna Pir\u00f3g-Kuli\u0144ska\u00a0<\/strong>\u2013 pedagog szkolny, pedagog specjalny<br><strong>mgr Sylwia Pniakowska<\/strong>\u00a0\u2013 chemia, geografia \u2013 egzaminator<br><strong>mgr Katarzyna Repelewicz-Ulicka<\/strong>\u00a0\u2013 j. niemiecki \u2013 egzaminator, j.rosyjski, biznes i zarz\u0105dzanie<br><strong>mgr Dominika Sankowska\u00a0<\/strong>\u2013 j. hiszpa\u0144ski<br><strong>mgr Monika S\u0142abo\u0144<\/strong>\u00a0\u2013 j.angielski, j. w\u0142oski<br><strong>mgr Ma\u0142gorzata Sobczyk<\/strong>\u00a0\u2013 historia<br><strong>mgr Piotr Stachura\u00a0<\/strong>\u2013 wiedza o spo\u0142ecze\u0144stwie, elementy prawa, historia, edukacja dla bezpiecze\u0144stwa<br><strong>mgr Mariusz Stiebal\u00a0<\/strong>\u2013 wychowanie fizyczne, edukacja dla bezpiecze\u0144stwa<br><strong>mgr Joanna Szatan<\/strong>\u2013 bibliotekarz szkolny, geografia, edukacja dla bezpiecze\u0144stwa, informatyka<br><strong>mgr Marta Szulc-J\u0119drusik<\/strong>\u00a0\u2013 matematyka<br><strong>mgr Marta \u015apiewla<\/strong>\u00a0\u2013 religia, pedagog szkolny<br><strong>mgr Jadwiga Tarchalska\u00a0<\/strong>\u2013 matematyka \u2013 egzaminator, rewalidacja<br><strong>mgr Marcin Tarchalski \u2013<\/strong>\u00a0wychowanie fizyczne, edukacja dla bezpiecze\u0144stwa<br><strong>mgr Agata Trz\u0119sicka<\/strong>\u00a0\u2013 biologia<br><strong>mgr Ma\u0142gorzata Wi\u015bniewska\u00a0<\/strong>\u2013 bibliotekarz szkolny<br><strong>mgr Izabela W\u0142osek<\/strong>\u2013 wychowanie fizyczne, edukacja zdrowotna<br><strong>mgr Ewelina Zbro\u0144ska &#8211; <\/strong>matematyka<br><\/p>\n","protected":false},"excerpt":{"rendered":"<p>ROK SZKOLNY 2025\/2026 Dyrektor Szko\u0142y&nbsp;\u2013 mgr Beata Bo\u0144czak: chemia \u2013 egzaminatorZast\u0119pca Dyrektora Szko\u0142y&nbsp;\u2013 mgr Monika Muszkat \u2013 Zieli\u0144ska&nbsp;\u2013 chemia \u2013 egzaminator, fizyka mgr Monika Antosik\u00a0\u2013&hellip;<\/p>\n","protected":false},"author":1,"featured_media":0,"parent":0,"menu_order":0,"comment_status":"closed","ping_status":"closed","template":"","meta":{"footnotes":""},"class_list":["post-18","page","type-page","status-publish","hentry"],"_links":{"self":[{"href":"https:\/\/lukasinski.dg.pl\/index.php?rest_route=\/wp\/v2\/pages\/18","targetHints":{"allow":["GET"]}}],"collection":[{"href":"https:\/\/lukasinski.dg.pl\/index.php?rest_route=\/wp\/v2\/pages"}],"about":[{"href":"https:\/\/lukasinski.dg.pl\/index.php?rest_route=\/wp\/v2\/types\/page"}],"author":[{"embeddable":true,"href":"https:\/\/lukasinski.dg.pl\/index.php?rest_route=\/wp\/v2\/users\/1"}],"replies":[{"embeddable":true,"href":"https:\/\/lukasinski.dg.pl\/index.php?rest_route=%2Fwp%2Fv2%2Fcomments&post=18"}],"version-history":[{"count":13,"href":"https:\/\/lukasinski.dg.pl\/index.php?rest_route=\/wp\/v2\/pages\/18\/revisions"}],"predecessor-version":[{"id":2114,"href":"https:\/\/lukasinski.dg.pl\/index.php?rest_route=\/wp\/v2\/pages\/18\/revisions\/2114"}],"wp:attachment":[{"href":"https:\/\/lukasinski.dg.pl\/index.php?rest_route=%2Fwp%2Fv2%2Fmedia&parent=18"}],"curies":[{"name":"wp","href":"https:\/\/api.w.org\/{rel}","templated":true}]}}