{"id":2079,"date":"2025-09-05T08:39:42","date_gmt":"2025-09-05T06:39:42","guid":{"rendered":"https:\/\/lukasinski.dg.pl\/?page_id=2079"},"modified":"2025-09-05T08:39:42","modified_gmt":"2025-09-05T06:39:42","slug":"religia-udzial-rezygnacja","status":"publish","type":"page","link":"https:\/\/lukasinski.dg.pl\/?page_id=2079","title":{"rendered":"Religia &#8211; udzia\u0142\/rezygnacja"},"content":{"rendered":"\n<p><a href=\"http:\/\/lukasinski.dg.pl\/wp-content\/uploads\/2025\/09\/Deklaracja-udzialu-na-zajeciach-religii.pdf\">Deklaracja udzia\u0142u w zaj\u0119ciach religii<\/a><\/p>\n\n\n\n<p><a href=\"http:\/\/lukasinski.dg.pl\/wp-content\/uploads\/2025\/09\/Rezygnacja-z-udzialu-na-zajeciach-religii.pdf\">Rezygnacja z udzia\u0142u w zaj\u0119ciach religii<\/a><\/p>\n\n\n\n<p><a href=\"http:\/\/lukasinski.dg.pl\/wp-content\/uploads\/2025\/09\/Oswiadczenie-religia.pdf\">O\u015bwiadczenie rodzica<\/a><\/p>\n\n\n\n<p><\/p>\n","protected":false},"excerpt":{"rendered":"<p>Deklaracja udzia\u0142u w zaj\u0119ciach religii Rezygnacja z udzia\u0142u w zaj\u0119ciach religii O\u015bwiadczenie rodzica<\/p>\n","protected":false},"author":1,"featured_media":0,"parent":0,"menu_order":0,"comment_status":"closed","ping_status":"closed","template":"","meta":{"footnotes":""},"class_list":["post-2079","page","type-page","status-publish","hentry"],"_links":{"self":[{"href":"https:\/\/lukasinski.dg.pl\/index.php?rest_route=\/wp\/v2\/pages\/2079","targetHints":{"allow":["GET"]}}],"collection":[{"href":"https:\/\/lukasinski.dg.pl\/index.php?rest_route=\/wp\/v2\/pages"}],"about":[{"href":"https:\/\/lukasinski.dg.pl\/index.php?rest_route=\/wp\/v2\/types\/page"}],"author":[{"embeddable":true,"href":"https:\/\/lukasinski.dg.pl\/index.php?rest_route=\/wp\/v2\/users\/1"}],"replies":[{"embeddable":true,"href":"https:\/\/lukasinski.dg.pl\/index.php?rest_route=%2Fwp%2Fv2%2Fcomments&post=2079"}],"version-history":[{"count":1,"href":"https:\/\/lukasinski.dg.pl\/index.php?rest_route=\/wp\/v2\/pages\/2079\/revisions"}],"predecessor-version":[{"id":2083,"href":"https:\/\/lukasinski.dg.pl\/index.php?rest_route=\/wp\/v2\/pages\/2079\/revisions\/2083"}],"wp:attachment":[{"href":"https:\/\/lukasinski.dg.pl\/index.php?rest_route=%2Fwp%2Fv2%2Fmedia&parent=2079"}],"curies":[{"name":"wp","href":"https:\/\/api.w.org\/{rel}","templated":true}]}}