{"id":2125,"date":"2025-09-05T12:15:26","date_gmt":"2025-09-05T10:15:26","guid":{"rendered":"https:\/\/lukasinski.dg.pl\/?page_id=2125"},"modified":"2025-09-05T12:15:26","modified_gmt":"2025-09-05T10:15:26","slug":"terminy-klasyfikacyjne","status":"publish","type":"page","link":"https:\/\/lukasinski.dg.pl\/?page_id=2125","title":{"rendered":"Terminy klasyfikacyjne"},"content":{"rendered":"\n<p class=\"has-text-align-center\"><a><strong>WA\u017bNE TERMINY KLASYFIKACYJNE 2025\/2026<\/strong><\/a><\/p>\n\n\n\n<p><strong>KLASY I, II, III, IV<\/strong><\/p>\n\n\n\n<ul class=\"wp-block-list\">\n<li><strong><u>do\u00a005.12.2025<\/u><\/strong> \u2013 wystawienie zagro\u017ce\u0144 ocenami niedostatecznymi\u00a0 i\u00a0ocenami nagannymi zachowania na I p\u00f3\u0142rocze\u00a0 dla klas I &#8211; IV<\/li>\n\n\n\n<li><strong><u>do 19.12.2025<\/u><\/strong> \u2013 wystawanie wszystkich ocen proponowanych z\u00a0poszczeg\u00f3lnych przedmiot\u00f3w i zachowania w klasach I &#8211; IV<\/li>\n\n\n\n<li><strong><u>do 16.01.2026<\/u><\/strong><strong> \u2013 <\/strong>ostateczne wystawienie ocen z poszczeg\u00f3lnych przedmiot\u00f3w i\u00a0ocen\u00a0 zachowania na I p\u00f3\u0142rocze 2025\/2026 roku<\/li>\n<\/ul>\n\n\n\n<p class=\"has-text-align-center\"><strong>Koniec pierwszego p\u00f3\u0142rocza (19 tydzie\u0144 nauki) 25.01.2026 roku, drugie p\u00f3\u0142rocze (20 tydzie\u0144 nauki) rozpoczyna si\u0119 26.01.2026roku.<\/strong><\/p>\n\n\n\n<p><strong>KLASY IV (zako\u0144czenie roku 24.04.2026)<\/strong><\/p>\n\n\n\n<ul class=\"wp-block-list\">\n<li><strong><u>do 13.03.2026<\/u><\/strong> \u2013 wystawienie zagro\u017ce\u0144\u00a0 ocenami niedostatecznymi\u00a0 i\u00a0ocenami nagannymi zachowania na II\u00a0p\u00f3\u0142rocze\u00a0 dla klas IV<\/li>\n\n\n\n<li><strong><u>do 27.03.2026<\/u><\/strong> \u2013 wystawanie wszystkich ocen proponowanych z\u00a0poszczeg\u00f3lnych przedmiot\u00f3w i zachowania w klasach IV<\/li>\n\n\n\n<li><strong><u>do 17.04.2026<\/u><\/strong> \u2013 ostateczne wystawienie ocen z poszczeg\u00f3lnych przedmiot\u00f3w i\u00a0ocen\u00a0 zachowania na II p\u00f3\u0142rocze 2025\/2026\u00a0 roku w klasach IV<\/li>\n<\/ul>\n\n\n\n<p><strong>KLASY I, II i III (zako\u0144czenie roku 26.06.2026)<\/strong><\/p>\n\n\n\n<ul class=\"wp-block-list\">\n<li><strong><u>do 15.05.2026<\/u><\/strong> \u2013 wystawienie zagro\u017ce\u0144 ocenami niedostatecznymi i\u00a0ocenami nagannymi zachowania na II p\u00f3\u0142rocze dla klas I &#8211; III<\/li>\n\n\n\n<li><strong><u>do 03.06.2026<\/u><\/strong> \u2013 wystawanie wszystkich ocen proponowanych z\u00a0poszczeg\u00f3lnych przedmiot\u00f3w i zachowania w klasach I &#8211; III<\/li>\n\n\n\n<li><strong><u>do 19.06.2026<\/u><\/strong> \u2013 ostateczne wystawienie ocen z poszczeg\u00f3lnych przedmiot\u00f3w oraz ocen zachowania na II p\u00f3\u0142rocze 2025\/2026 roku w klasach I &#8211; III<\/li>\n<\/ul>\n","protected":false},"excerpt":{"rendered":"<p>WA\u017bNE TERMINY KLASYFIKACYJNE 2025\/2026 KLASY I, II, III, IV Koniec pierwszego p\u00f3\u0142rocza (19 tydzie\u0144 nauki) 25.01.2026 roku, drugie p\u00f3\u0142rocze (20 tydzie\u0144 nauki) rozpoczyna si\u0119 26.01.2026roku.&hellip;<\/p>\n","protected":false},"author":1,"featured_media":0,"parent":0,"menu_order":0,"comment_status":"closed","ping_status":"closed","template":"","meta":{"footnotes":""},"class_list":["post-2125","page","type-page","status-publish","hentry"],"_links":{"self":[{"href":"https:\/\/lukasinski.dg.pl\/index.php?rest_route=\/wp\/v2\/pages\/2125","targetHints":{"allow":["GET"]}}],"collection":[{"href":"https:\/\/lukasinski.dg.pl\/index.php?rest_route=\/wp\/v2\/pages"}],"about":[{"href":"https:\/\/lukasinski.dg.pl\/index.php?rest_route=\/wp\/v2\/types\/page"}],"author":[{"embeddable":true,"href":"https:\/\/lukasinski.dg.pl\/index.php?rest_route=\/wp\/v2\/users\/1"}],"replies":[{"embeddable":true,"href":"https:\/\/lukasinski.dg.pl\/index.php?rest_route=%2Fwp%2Fv2%2Fcomments&post=2125"}],"version-history":[{"count":1,"href":"https:\/\/lukasinski.dg.pl\/index.php?rest_route=\/wp\/v2\/pages\/2125\/revisions"}],"predecessor-version":[{"id":2126,"href":"https:\/\/lukasinski.dg.pl\/index.php?rest_route=\/wp\/v2\/pages\/2125\/revisions\/2126"}],"wp:attachment":[{"href":"https:\/\/lukasinski.dg.pl\/index.php?rest_route=%2Fwp%2Fv2%2Fmedia&parent=2125"}],"curies":[{"name":"wp","href":"https:\/\/api.w.org\/{rel}","templated":true}]}}