{"id":2128,"date":"2025-09-05T12:17:13","date_gmt":"2025-09-05T10:17:13","guid":{"rendered":"https:\/\/lukasinski.dg.pl\/?page_id=2128"},"modified":"2025-09-05T12:17:13","modified_gmt":"2025-09-05T10:17:13","slug":"wychowawcy","status":"publish","type":"page","link":"https:\/\/lukasinski.dg.pl\/?page_id=2128","title":{"rendered":"Wychowawcy"},"content":{"rendered":"\n<p>&nbsp;&nbsp;&nbsp;&nbsp;&nbsp;&nbsp;&nbsp;&nbsp;&nbsp;&nbsp;&nbsp;&nbsp;&nbsp;&nbsp;&nbsp;&nbsp;&nbsp;&nbsp;&nbsp;&nbsp;&nbsp;&nbsp;&nbsp;&nbsp;&nbsp;&nbsp;&nbsp;&nbsp;&nbsp;&nbsp;&nbsp; <strong>Wychowawcy rok szkolny 2025\/2026<\/strong><\/p>\n\n\n\n<figure class=\"wp-block-table\"><table class=\"has-fixed-layout\"><tbody><tr><td><strong>Lp<\/strong><\/td><td><strong>WYCHOWAWCA<\/strong><\/td><td><strong>&nbsp;DRUGI WYCHOWAWCA<\/strong> <strong>&nbsp;<\/strong><\/td><\/tr><tr><td>1a<\/td><td>mgr Izabela Bali\u0144ska-Lech<\/td><td>&nbsp;Mgr Zuzanna Kobry\u0144 &nbsp;<\/td><\/tr><tr><td>1b<\/td><td>mgr Joanna Ka\u0144ska<\/td><td>mgr Katarzyna Repelewicz-Ulicka &nbsp;<\/td><\/tr><tr><td>1c<\/td><td>mgr Monika S\u0142abo\u0144<\/td><td>mgr Marek Kulisz &nbsp;<\/td><\/tr><tr><td>1d<\/td><td>mgr Ma\u0142gorzata Hat<\/td><td>mgr Joanna Dobczy\u0144ska-W\u00f3jcik &nbsp;<\/td><\/tr><tr><td>1e<\/td><td>mgr Katarzyna Repelewicz-Ulicka<\/td><td>mgr Joanna Ka\u0144ska &nbsp;<\/td><\/tr><tr><td>2a<\/td><td>dr Ewa Lis<\/td><td>mgr Izabela Bali\u0144ska-Lech &nbsp;<\/td><\/tr><tr><td>2b<\/td><td>mgr&nbsp; Jadwiga Kowalik<\/td><td>mgr Katarzyna Orze\u0142 &nbsp;<\/td><\/tr><tr><td>3a<\/td><td>mgr Ewelina Kry\u0144ska<\/td><td>mgr Ewa Pawik &nbsp;<\/td><\/tr><tr><td>3b<\/td><td>mgr Dominika Sankowska<\/td><td>mgr Monika Ma\u015blanka-Kowalczyk &nbsp;<\/td><\/tr><tr><td>3c<\/td><td>mgr Anna Madejska- B\u0105k<\/td><td>mgr Dagmara Bugaj &nbsp;<\/td><\/tr><tr><td>3d<\/td><td>mgr Dagmara Bugaj<\/td><td>mgr Anna Madejska- B\u0105k &nbsp;<\/td><\/tr><tr><td>3e<\/td><td>mgr Aleksandra Dul<\/td><td>mgr Iwona Chory\u0144 &nbsp;<\/td><\/tr><tr><td>3f<\/td><td>mgr Monika Ma\u015blanka-Kowalczyk<\/td><td>mgr Dominika Sankowska &nbsp;<\/td><\/tr><tr><td>3g<\/td><td>mgr Iwona Chory\u0144<\/td><td>mgr Aleksandra Dul &nbsp;<\/td><\/tr><tr><td>4a<\/td><td>mgr Marek Kulisz<\/td><td>mgr Monika S\u0142abo\u0144 &nbsp;<\/td><\/tr><tr><td>4b<\/td><td>mgr&nbsp; Katarzyna Jasiak<\/td><td>mgr Magdalena Doroz &nbsp;<\/td><\/tr><tr><td>4c<\/td><td>mgr Joanna Dobczy\u0144ska-W\u00f3jcik<\/td><td>mgr Ma\u0142gorzata Hat &nbsp;<\/td><\/tr><tr><td>4d<\/td><td>mgr Mariusz Stiebal<\/td><td>mgr Monika Antosik &nbsp;<\/td><\/tr><tr><td>4e<\/td><td>mgr&nbsp; Izabela W\u0142osek<\/td><td>dr Kamila Kosk- Joniec &nbsp;<\/td><\/tr><tr><td>4f<\/td><td>mgr Ma\u0142gorzata Sobczyk<\/td><td>mgr Piotr Stachura &nbsp;<\/td><\/tr><\/tbody><\/table><\/figure>\n","protected":false},"excerpt":{"rendered":"<p>&nbsp;&nbsp;&nbsp;&nbsp;&nbsp;&nbsp;&nbsp;&nbsp;&nbsp;&nbsp;&nbsp;&nbsp;&nbsp;&nbsp;&nbsp;&nbsp;&nbsp;&nbsp;&nbsp;&nbsp;&nbsp;&nbsp;&nbsp;&nbsp;&nbsp;&nbsp;&nbsp;&nbsp;&nbsp;&nbsp;&nbsp; Wychowawcy rok szkolny 2025\/2026 Lp WYCHOWAWCA &nbsp;DRUGI WYCHOWAWCA &nbsp; 1a mgr Izabela Bali\u0144ska-Lech &nbsp;Mgr Zuzanna Kobry\u0144 &nbsp; 1b mgr Joanna Ka\u0144ska mgr Katarzyna Repelewicz-Ulicka&hellip;<\/p>\n","protected":false},"author":1,"featured_media":0,"parent":0,"menu_order":0,"comment_status":"closed","ping_status":"closed","template":"","meta":{"footnotes":""},"class_list":["post-2128","page","type-page","status-publish","hentry"],"_links":{"self":[{"href":"https:\/\/lukasinski.dg.pl\/index.php?rest_route=\/wp\/v2\/pages\/2128","targetHints":{"allow":["GET"]}}],"collection":[{"href":"https:\/\/lukasinski.dg.pl\/index.php?rest_route=\/wp\/v2\/pages"}],"about":[{"href":"https:\/\/lukasinski.dg.pl\/index.php?rest_route=\/wp\/v2\/types\/page"}],"author":[{"embeddable":true,"href":"https:\/\/lukasinski.dg.pl\/index.php?rest_route=\/wp\/v2\/users\/1"}],"replies":[{"embeddable":true,"href":"https:\/\/lukasinski.dg.pl\/index.php?rest_route=%2Fwp%2Fv2%2Fcomments&post=2128"}],"version-history":[{"count":1,"href":"https:\/\/lukasinski.dg.pl\/index.php?rest_route=\/wp\/v2\/pages\/2128\/revisions"}],"predecessor-version":[{"id":2129,"href":"https:\/\/lukasinski.dg.pl\/index.php?rest_route=\/wp\/v2\/pages\/2128\/revisions\/2129"}],"wp:attachment":[{"href":"https:\/\/lukasinski.dg.pl\/index.php?rest_route=%2Fwp%2Fv2%2Fmedia&parent=2128"}],"curies":[{"name":"wp","href":"https:\/\/api.w.org\/{rel}","templated":true}]}}