{"id":24,"date":"2023-09-23T16:50:55","date_gmt":"2023-09-23T14:50:55","guid":{"rendered":"http:\/\/lukasinski.dg.pl\/?page_id=24"},"modified":"2023-10-19T09:55:07","modified_gmt":"2023-10-19T07:55:07","slug":"samorzad-uczniowski","status":"publish","type":"page","link":"https:\/\/lukasinski.dg.pl\/?page_id=24","title":{"rendered":"Samorz\u0105d uczniowski"},"content":{"rendered":"\n<p class=\"has-text-align-center\"><strong>Samorz\u0105d uczniowski w roku szkolnym 2023\/2024<\/strong><\/p>\n\n\n\n<p class=\"has-text-align-center\"><\/p>\n\n\n\n<p class=\"has-text-align-center\"><strong>Zarz\u0105d Samorz\u0105du Uczniowskiego:<\/strong><\/p>\n\n\n\n<p class=\"has-text-align-center\"><strong>&nbsp;Przewodnicz\u0105ca: Maja Musialik<br>Zast\u0119pca: Kinga Klimosz<br>Skarbnik: Kacper Micyk<\/strong><\/p>\n","protected":false},"excerpt":{"rendered":"<p>Samorz\u0105d uczniowski w roku szkolnym 2023\/2024 Zarz\u0105d Samorz\u0105du Uczniowskiego: &nbsp;Przewodnicz\u0105ca: Maja MusialikZast\u0119pca: Kinga KlimoszSkarbnik: Kacper Micyk<\/p>\n","protected":false},"author":1,"featured_media":0,"parent":0,"menu_order":0,"comment_status":"closed","ping_status":"closed","template":"","meta":{"footnotes":""},"class_list":["post-24","page","type-page","status-publish","hentry"],"_links":{"self":[{"href":"https:\/\/lukasinski.dg.pl\/index.php?rest_route=\/wp\/v2\/pages\/24","targetHints":{"allow":["GET"]}}],"collection":[{"href":"https:\/\/lukasinski.dg.pl\/index.php?rest_route=\/wp\/v2\/pages"}],"about":[{"href":"https:\/\/lukasinski.dg.pl\/index.php?rest_route=\/wp\/v2\/types\/page"}],"author":[{"embeddable":true,"href":"https:\/\/lukasinski.dg.pl\/index.php?rest_route=\/wp\/v2\/users\/1"}],"replies":[{"embeddable":true,"href":"https:\/\/lukasinski.dg.pl\/index.php?rest_route=%2Fwp%2Fv2%2Fcomments&post=24"}],"version-history":[{"count":5,"href":"https:\/\/lukasinski.dg.pl\/index.php?rest_route=\/wp\/v2\/pages\/24\/revisions"}],"predecessor-version":[{"id":438,"href":"https:\/\/lukasinski.dg.pl\/index.php?rest_route=\/wp\/v2\/pages\/24\/revisions\/438"}],"wp:attachment":[{"href":"https:\/\/lukasinski.dg.pl\/index.php?rest_route=%2Fwp%2Fv2%2Fmedia&parent=24"}],"curies":[{"name":"wp","href":"https:\/\/api.w.org\/{rel}","templated":true}]}}