{"id":28,"date":"2023-09-23T16:51:38","date_gmt":"2023-09-23T14:51:38","guid":{"rendered":"http:\/\/lukasinski.dg.pl\/?page_id=28"},"modified":"2025-06-17T12:52:21","modified_gmt":"2025-06-17T10:52:21","slug":"podreczniki-na-rok-szkolny-2023-2024","status":"publish","type":"page","link":"https:\/\/lukasinski.dg.pl\/?page_id=28","title":{"rendered":"Podr\u0119czniki na rok szkolny 2025\/2026"},"content":{"rendered":"\n<p class=\"has-text-align-center\"><strong>Podr\u0119czniki na rok szkolny 2025\/2026<\/strong><br>Lista podr\u0119cznik\u00f3w dla klas I zostanie opublikowana po zako\u0144czeniu rekrutacji.<\/p>\n\n\n\n<p class=\"has-text-align-center\"><strong>KLASY II<\/strong><\/p>\n\n\n\n<ul class=\"wp-block-list\">\n<li><a href=\"http:\/\/lukasinski.dg.pl\/wp-content\/uploads\/2025\/06\/2a-podreczniki-25-26.pdf\">klasa IIa<\/a><\/li>\n\n\n\n<li><a href=\"http:\/\/lukasinski.dg.pl\/wp-content\/uploads\/2025\/06\/2b-podreczniki-25-26-Biol-chem.pdf\">klasa IIb &#8211; medyczno-przyrodnicza<\/a><\/li>\n\n\n\n<li><a href=\"http:\/\/lukasinski.dg.pl\/wp-content\/uploads\/2025\/06\/2b-podreczniki-25-26-Spol-praw.pdf\">klasa IIb &#8211; prawno-spo\u0142eczna<\/a><\/li>\n<\/ul>\n\n\n\n<p class=\"has-text-align-center\"><strong>Klasy III<\/strong><\/p>\n\n\n\n<ul class=\"wp-block-list\">\n<li><a href=\"http:\/\/lukasinski.dg.pl\/wp-content\/uploads\/2025\/06\/3a-podreczniki-25-26.pdf\">klasa IIIa<\/a><\/li>\n\n\n\n<li><a href=\"http:\/\/lukasinski.dg.pl\/wp-content\/uploads\/2025\/06\/3b-podreczniki-25-26.pdf\">klasa IIIb<\/a><\/li>\n\n\n\n<li><a href=\"http:\/\/lukasinski.dg.pl\/wp-content\/uploads\/2025\/06\/3c-podreczniki-25-26.pdf\">klasa IIIc<\/a><\/li>\n\n\n\n<li><a href=\"http:\/\/lukasinski.dg.pl\/wp-content\/uploads\/2025\/06\/3d-podreczniki-25-26.pdf\">klasa IIId<\/a><\/li>\n\n\n\n<li><a href=\"http:\/\/lukasinski.dg.pl\/wp-content\/uploads\/2025\/06\/3e-podreczniki-25-26.pdf\">klasa IIIe<\/a><\/li>\n\n\n\n<li><a href=\"http:\/\/lukasinski.dg.pl\/wp-content\/uploads\/2025\/06\/3f-podreczniki-25-26.pdf\">klasa IIIf<\/a><\/li>\n\n\n\n<li><a href=\"http:\/\/lukasinski.dg.pl\/wp-content\/uploads\/2025\/06\/3g-podreczniki-25-26.pdf\">klasa IIIg<\/a><\/li>\n<\/ul>\n\n\n\n<p class=\"has-text-align-center\"><strong>Klasy IV<\/strong><\/p>\n\n\n\n<ul class=\"wp-block-list\">\n<li><a href=\"http:\/\/lukasinski.dg.pl\/wp-content\/uploads\/2025\/06\/4a-podreczniki-25-26.pdf\">klasa IVa<\/a><\/li>\n\n\n\n<li><a href=\"http:\/\/lukasinski.dg.pl\/wp-content\/uploads\/2025\/06\/4b-podreczniki-25-26.pdf\">klasa IVb<\/a><\/li>\n\n\n\n<li><a href=\"http:\/\/lukasinski.dg.pl\/wp-content\/uploads\/2025\/06\/4c-podreczniki-25-26.pdf\">klasa IVc<\/a><\/li>\n\n\n\n<li><a href=\"http:\/\/lukasinski.dg.pl\/wp-content\/uploads\/2025\/06\/4d-podreczniki-25-26.pdf\">klasa IVd<\/a><\/li>\n\n\n\n<li><a href=\"http:\/\/lukasinski.dg.pl\/wp-content\/uploads\/2025\/06\/4e-podreczniki-25-26.pdf\">klasa IVe<\/a><\/li>\n\n\n\n<li><a href=\"http:\/\/lukasinski.dg.pl\/wp-content\/uploads\/2025\/06\/4f-podreczniki-25-26.pdf\">klasa IVf<\/a><\/li>\n<\/ul>\n\n\n\n<p><\/p>\n","protected":false},"excerpt":{"rendered":"<p>Podr\u0119czniki na rok szkolny 2025\/2026Lista podr\u0119cznik\u00f3w dla klas I zostanie opublikowana po zako\u0144czeniu rekrutacji. KLASY II Klasy III Klasy IV<\/p>\n","protected":false},"author":1,"featured_media":0,"parent":0,"menu_order":0,"comment_status":"closed","ping_status":"closed","template":"","meta":{"footnotes":""},"class_list":["post-28","page","type-page","status-publish","hentry"],"_links":{"self":[{"href":"https:\/\/lukasinski.dg.pl\/index.php?rest_route=\/wp\/v2\/pages\/28","targetHints":{"allow":["GET"]}}],"collection":[{"href":"https:\/\/lukasinski.dg.pl\/index.php?rest_route=\/wp\/v2\/pages"}],"about":[{"href":"https:\/\/lukasinski.dg.pl\/index.php?rest_route=\/wp\/v2\/types\/page"}],"author":[{"embeddable":true,"href":"https:\/\/lukasinski.dg.pl\/index.php?rest_route=\/wp\/v2\/users\/1"}],"replies":[{"embeddable":true,"href":"https:\/\/lukasinski.dg.pl\/index.php?rest_route=%2Fwp%2Fv2%2Fcomments&post=28"}],"version-history":[{"count":17,"href":"https:\/\/lukasinski.dg.pl\/index.php?rest_route=\/wp\/v2\/pages\/28\/revisions"}],"predecessor-version":[{"id":1872,"href":"https:\/\/lukasinski.dg.pl\/index.php?rest_route=\/wp\/v2\/pages\/28\/revisions\/1872"}],"wp:attachment":[{"href":"https:\/\/lukasinski.dg.pl\/index.php?rest_route=%2Fwp%2Fv2%2Fmedia&parent=28"}],"curies":[{"name":"wp","href":"https:\/\/api.w.org\/{rel}","templated":true}]}}