{"id":30,"date":"2023-09-23T16:51:58","date_gmt":"2023-09-23T14:51:58","guid":{"rendered":"http:\/\/lukasinski.dg.pl\/?page_id=30"},"modified":"2025-09-08T08:26:32","modified_gmt":"2025-09-08T06:26:32","slug":"wymagania-edukacyjne","status":"publish","type":"page","link":"https:\/\/lukasinski.dg.pl\/?page_id=30","title":{"rendered":"Wymagania edukacyjne"},"content":{"rendered":"\n<p><\/p>\n\n\n\n<div class=\"wp-block-columns is-layout-flex wp-container-core-columns-is-layout-9d6595d7 wp-block-columns-is-layout-flex\">\n<div class=\"wp-block-column is-layout-flow wp-block-column-is-layout-flow\" style=\"flex-basis:100%\">\n<div class=\"wp-block-columns is-layout-flex wp-container-core-columns-is-layout-9d6595d7 wp-block-columns-is-layout-flex\">\n<div class=\"wp-block-column is-layout-flow wp-block-column-is-layout-flow\" style=\"flex-basis:100%\">\n<div class=\"wp-block-columns is-layout-flex wp-container-core-columns-is-layout-9d6595d7 wp-block-columns-is-layout-flex\">\n<div class=\"wp-block-column is-layout-flow wp-block-column-is-layout-flow\">\n<p>Wymagania og\u00f3lne<\/p>\n\n\n\n<ul class=\"wp-block-list\">\n<li><a href=\"http:\/\/lukasinski.dg.pl\/wp-content\/uploads\/2025\/09\/Wymagania-edukacyjne-jezyk-polski-ogolne.pdf\">J. polski<\/a><\/li>\n\n\n\n<li><a href=\"http:\/\/lukasinski.dg.pl\/wp-content\/uploads\/2023\/09\/PSO-matematyka-wymagania-ogolne.pdf\">Matematyka<\/a><\/li>\n\n\n\n<li><a href=\"http:\/\/lukasinski.dg.pl\/wp-content\/uploads\/2025\/09\/POPRAWKA_Jezyki-obce-PP-i-PR-wymagania-ogolne.pdf\">J\u0119zyki obce PP i PR<\/a><\/li>\n\n\n\n<li><a href=\"http:\/\/lukasinski.dg.pl\/wp-content\/uploads\/2023\/09\/PSO-chemia-wymagania-ogolne.pdf\">Chemia<\/a><\/li>\n\n\n\n<li><a href=\"http:\/\/lukasinski.dg.pl\/wp-content\/uploads\/2025\/09\/PSO_fizyka.pdf\">Fizyka<\/a><\/li>\n\n\n\n<li><a href=\"http:\/\/lukasinski.dg.pl\/wp-content\/uploads\/2023\/09\/PSO-edukacja-dla-bezpieczenstwa-wymagania-ogolne.pdf\">Edukacja dla bezpiecze\u0144stwa<\/a><\/li>\n\n\n\n<li><a href=\"http:\/\/lukasinski.dg.pl\/wp-content\/uploads\/2023\/09\/PSO-etyka-wymagania-ogolne.pdf\">Etyka<\/a><\/li>\n\n\n\n<li><a href=\"http:\/\/lukasinski.dg.pl\/wp-content\/uploads\/2023\/09\/PSO-filozofia-wymagania-ogolne.pdf\">Filozofia<\/a><\/li>\n\n\n\n<li><a href=\"http:\/\/lukasinski.dg.pl\/wp-content\/uploads\/2023\/09\/PSO-geografia-wymagania-ogolne.pdf\">Geografia<\/a><\/li>\n\n\n\n<li><a href=\"http:\/\/lukasinski.dg.pl\/wp-content\/uploads\/2023\/09\/PSO-historia-wymagania-ogolne2.pdf\">Historia<\/a><\/li>\n\n\n\n<li><a href=\"http:\/\/lukasinski.dg.pl\/wp-content\/uploads\/2023\/09\/Historia-i-terazniejszosc-wymagania-ogolne.pdf\">Historia i tera\u017aniejszo\u015b\u0107<\/a><\/li>\n\n\n\n<li><a href=\"http:\/\/lukasinski.dg.pl\/wp-content\/uploads\/2023\/09\/PSO-informatyka-wymagania-ogolne.pdf\">Informatyka<\/a><\/li>\n\n\n\n<li><a href=\"http:\/\/lukasinski.dg.pl\/wp-content\/uploads\/2025\/09\/Wymagania-ogolne-WOS.pdf\">Wiedza o spo\u0142ecze\u0144stwie<\/a><\/li>\n\n\n\n<li><a href=\"http:\/\/lukasinski.dg.pl\/wp-content\/uploads\/2023\/09\/PSO-religia-wymagania-ogolne.pdf\">Religia<\/a><\/li>\n\n\n\n<li><a href=\"http:\/\/lukasinski.dg.pl\/wp-content\/uploads\/2025\/09\/\u206cWF-1.pdf\">Wychowanie fizyczne klasy 1-4<\/a><\/li>\n\n\n\n<li><a href=\"http:\/\/lukasinski.dg.pl\/wp-content\/uploads\/2023\/09\/Program-nauczania-BIZ.pdf\">Biznes i zarz\u0105dzanie<\/a><\/li>\n\n\n\n<li><a href=\"http:\/\/lukasinski.dg.pl\/wp-content\/uploads\/2025\/09\/EDUKACJA-OBYWATELSKA-WYMAGANIA-OGOLNE-KLASA-II-1.pdf\">Edukacja obywatelska<\/a><\/li>\n<\/ul>\n<\/div>\n\n\n\n<div class=\"wp-block-column is-layout-flow wp-block-column-is-layout-flow\">\n<p>Wymagania szczeg\u00f3\u0142owe<\/p>\n\n\n\n<div class=\"wp-block-columns is-layout-flex wp-container-core-columns-is-layout-9d6595d7 wp-block-columns-is-layout-flex\">\n<div class=\"wp-block-column is-layout-flow wp-block-column-is-layout-flow\" style=\"flex-basis:100%\">\n<ul class=\"wp-block-list\">\n<li><a href=\"http:\/\/lukasinski.dg.pl\/?page_id=314\">Klasa I<\/a><\/li>\n\n\n\n<li><a href=\"http:\/\/lukasinski.dg.pl\/?page_id=316\">Klasa II<\/a><\/li>\n\n\n\n<li><a href=\"http:\/\/lukasinski.dg.pl\/?page_id=318\">Klasa III<\/a><\/li>\n\n\n\n<li><a href=\"http:\/\/lukasinski.dg.pl\/?page_id=320\">Klasa IV<\/a><\/li>\n<\/ul>\n<\/div>\n<\/div>\n<\/div>\n<\/div>\n<\/div>\n<\/div>\n<\/div>\n<\/div>\n","protected":false},"excerpt":{"rendered":"<p>Wymagania og\u00f3lne Wymagania szczeg\u00f3\u0142owe<\/p>\n","protected":false},"author":1,"featured_media":0,"parent":0,"menu_order":0,"comment_status":"closed","ping_status":"closed","template":"","meta":{"footnotes":""},"class_list":["post-30","page","type-page","status-publish","hentry"],"_links":{"self":[{"href":"https:\/\/lukasinski.dg.pl\/index.php?rest_route=\/wp\/v2\/pages\/30","targetHints":{"allow":["GET"]}}],"collection":[{"href":"https:\/\/lukasinski.dg.pl\/index.php?rest_route=\/wp\/v2\/pages"}],"about":[{"href":"https:\/\/lukasinski.dg.pl\/index.php?rest_route=\/wp\/v2\/types\/page"}],"author":[{"embeddable":true,"href":"https:\/\/lukasinski.dg.pl\/index.php?rest_route=\/wp\/v2\/users\/1"}],"replies":[{"embeddable":true,"href":"https:\/\/lukasinski.dg.pl\/index.php?rest_route=%2Fwp%2Fv2%2Fcomments&post=30"}],"version-history":[{"count":19,"href":"https:\/\/lukasinski.dg.pl\/index.php?rest_route=\/wp\/v2\/pages\/30\/revisions"}],"predecessor-version":[{"id":2136,"href":"https:\/\/lukasinski.dg.pl\/index.php?rest_route=\/wp\/v2\/pages\/30\/revisions\/2136"}],"wp:attachment":[{"href":"https:\/\/lukasinski.dg.pl\/index.php?rest_route=%2Fwp%2Fv2%2Fmedia&parent=30"}],"curies":[{"name":"wp","href":"https:\/\/api.w.org\/{rel}","templated":true}]}}