{"id":314,"date":"2023-09-25T11:56:01","date_gmt":"2023-09-25T09:56:01","guid":{"rendered":"http:\/\/lukasinski.dg.pl\/?page_id=314"},"modified":"2025-09-26T11:48:08","modified_gmt":"2025-09-26T09:48:08","slug":"klasa-i","status":"publish","type":"page","link":"https:\/\/lukasinski.dg.pl\/?page_id=314","title":{"rendered":"Klasa I"},"content":{"rendered":"\n<ul class=\"wp-block-list\">\n<li><a href=\"http:\/\/lukasinski.dg.pl\/wp-content\/uploads\/2025\/09\/wymagania-edukacyjne-nowa-biologia-klasa-1-zakres-podstawowy-2024.pdf\">Biologia PP<\/a><\/li>\n\n\n\n<li><a href=\"http:\/\/lukasinski.dg.pl\/wp-content\/uploads\/2025\/09\/wymagania-edukacyjne-nowa-biologia-klasa-1-zakres-rozszerzony-2024.pdf\">Biologia PR<\/a><\/li>\n\n\n\n<li><a href=\"http:\/\/lukasinski.dg.pl\/wp-content\/uploads\/2025\/09\/wymagania-chemia-zp-kl-1.pdf\">Chemia PP<\/a><\/li>\n\n\n\n<li><a href=\"http:\/\/lukasinski.dg.pl\/wp-content\/uploads\/2025\/09\/chemia-zr-czesc-1.pdf\">Chemia PR<\/a><\/li>\n\n\n\n<li><a href=\"http:\/\/lukasinski.dg.pl\/wp-content\/uploads\/2025\/09\/Edukacja-dla-bezpieczenstwa-wymagania-edukacyjne-2025_2026.pdf\">Edb<\/a><\/li>\n\n\n\n<li><a href=\"http:\/\/lukasinski.dg.pl\/wp-content\/uploads\/2025\/09\/Wymagania-fizyka-1PP.pdf\">Fizyka PP<\/a><\/li>\n\n\n\n<li><a href=\"http:\/\/lukasinski.dg.pl\/wp-content\/uploads\/2025\/09\/Wymagania-fizyka-1PR-1.pdf\">Fizyka PR<\/a><\/li>\n\n\n\n<li><a href=\"http:\/\/lukasinski.dg.pl\/wp-content\/uploads\/2025\/09\/Geografia-klasa-I-poziom-podstawowy.pdf\">Geografia PP<\/a><\/li>\n\n\n\n<li><a href=\"http:\/\/lukasinski.dg.pl\/wp-content\/uploads\/2025\/09\/Geografia-klasa-I-PR-1.pdf\">Geografia PR<\/a><\/li>\n\n\n\n<li><a href=\"http:\/\/lukasinski.dg.pl\/wp-content\/uploads\/2025\/09\/TBPP_Wymagania_na_oceny_klasa_I_zp.pdf\">Informatyka<\/a><\/li>\n\n\n\n<li><a href=\"http:\/\/lukasinski.dg.pl\/wp-content\/uploads\/2025\/09\/New_Password_B1plus_KO_PP_24-25.pdf\">J. angielski<\/a><\/li>\n\n\n\n<li><a href=\"http:\/\/lukasinski.dg.pl\/wp-content\/uploads\/2025\/09\/Jniem_SPP_Effekt_Neu_cz_1_Przedmiotowy_system_oceniania.-Podstawa-programowa-2024-1.pdf\">J. niemiecki<\/a><\/li>\n\n\n\n<li><a href=\"http:\/\/lukasinski.dg.pl\/wp-content\/uploads\/2025\/09\/Wymagania-edukacyjne-jezyk-hiszpanski-Descubre-1-klasa-1-2025.pdf\">J. hiszpa\u0144ski<\/a><\/li>\n\n\n\n<li><a href=\"https:\/\/www.lukasinski.pl\/wp-content\/uploads\/2023\/09\/Program-nauczania-BIZ.pdf\">Biznes i zarz<\/a>\u0105<a href=\"https:\/\/www.lukasinski.pl\/wp-content\/uploads\/2023\/09\/Program-nauczania-BIZ.pdf\">dzanie<\/a><\/li>\n\n\n\n<li><a href=\"http:\/\/lukasinski.dg.pl\/wp-content\/uploads\/2025\/09\/Wymagania-edukacyjne-Etyka-zakres-podstawowy-1.pdf\">Etyka<\/a><\/li>\n\n\n\n<li><a href=\"http:\/\/lukasinski.dg.pl\/wp-content\/uploads\/2025\/09\/Wymagania-edukacyjne-filozofia-zakres-podstawowy-klasa-I-2.pdf\">Filozofia<\/a><\/li>\n\n\n\n<li><a href=\"http:\/\/lukasinski.dg.pl\/wp-content\/uploads\/2025\/09\/zrozumiec-przeszlosc-1-wymagania-na-oceny-edycja-2024-2.pdf\">Historia PR<\/a><\/li>\n\n\n\n<li><a href=\"http:\/\/lukasinski.dg.pl\/wp-content\/uploads\/2025\/09\/poznac-przeszlosc-1-wymagania-na-oceny-edycja-2024.pdf\">Historia PP<\/a><\/li>\n\n\n\n<li><a href=\"http:\/\/lukasinski.dg.pl\/wp-content\/uploads\/2025\/09\/1kl_PP_mat-pso-wymag-_zmiana.pdf\">Matematyka PP<\/a><\/li>\n\n\n\n<li><a href=\"http:\/\/lukasinski.dg.pl\/wp-content\/uploads\/2025\/09\/LO_klasa_1_wymagania_edukacyjne_kryteria_oceniania_matematyka_PAZDRO.pdf\">Matematyka Pazdro PP<\/a><\/li>\n\n\n\n<li><a href=\"http:\/\/lukasinski.dg.pl\/wp-content\/uploads\/2024\/09\/Wymagania-klasa-1-WSippol_SPP_Oblicza_epok_kl_1_PSO_liceum_n_e.pdf\">J. polski<\/a> <a href=\"http:\/\/lukasinski.dg.pl\/wp-content\/uploads\/2024\/09\/Wymagania-klasa-1-WSippol_SPP_Oblicza_epok_kl_1_PSO_liceum_n_e.pdf\">WSiP<\/a><\/li>\n\n\n\n<li><a href=\"http:\/\/lukasinski.dg.pl\/wp-content\/uploads\/2025\/09\/klasa-1-czesc-1.pdf\">J. polski cz\u0119\u015b\u0107 1 (Nowa Era)<\/a><\/li>\n\n\n\n<li><a href=\"http:\/\/lukasinski.dg.pl\/wp-content\/uploads\/2025\/09\/klasa-1-czesc-2.pdf\">J. polski cz\u0119\u015b\u0107 2 (Nowa Era)<\/a><\/li>\n\n\n\n<li><a href=\"http:\/\/lukasinski.dg.pl\/wp-content\/uploads\/2025\/09\/Wymagania-edukacyjne-wos-klasa-I-1.pdf\">Wos PR<\/a><\/li>\n\n\n\n<li><a href=\"http:\/\/lukasinski.dg.pl\/wp-content\/uploads\/2025\/09\/przedmiotowy_system_oceniania_klasa_I_pp-1.pdf\">Religia<\/a><\/li>\n\n\n\n<li><a href=\"http:\/\/lukasinski.dg.pl\/wp-content\/uploads\/2025\/09\/%E2%81%ACWF-1.pdf\">Wychowanie fizyczne klasy 1-4<\/a><\/li>\n<\/ul>\n\n\n\n<p><\/p>\n","protected":false},"excerpt":{"rendered":"","protected":false},"author":1,"featured_media":0,"parent":0,"menu_order":0,"comment_status":"closed","ping_status":"closed","template":"","meta":{"footnotes":""},"class_list":["post-314","page","type-page","status-publish","hentry"],"_links":{"self":[{"href":"https:\/\/lukasinski.dg.pl\/index.php?rest_route=\/wp\/v2\/pages\/314","targetHints":{"allow":["GET"]}}],"collection":[{"href":"https:\/\/lukasinski.dg.pl\/index.php?rest_route=\/wp\/v2\/pages"}],"about":[{"href":"https:\/\/lukasinski.dg.pl\/index.php?rest_route=\/wp\/v2\/types\/page"}],"author":[{"embeddable":true,"href":"https:\/\/lukasinski.dg.pl\/index.php?rest_route=\/wp\/v2\/users\/1"}],"replies":[{"embeddable":true,"href":"https:\/\/lukasinski.dg.pl\/index.php?rest_route=%2Fwp%2Fv2%2Fcomments&post=314"}],"version-history":[{"count":37,"href":"https:\/\/lukasinski.dg.pl\/index.php?rest_route=\/wp\/v2\/pages\/314\/revisions"}],"predecessor-version":[{"id":2354,"href":"https:\/\/lukasinski.dg.pl\/index.php?rest_route=\/wp\/v2\/pages\/314\/revisions\/2354"}],"wp:attachment":[{"href":"https:\/\/lukasinski.dg.pl\/index.php?rest_route=%2Fwp%2Fv2%2Fmedia&parent=314"}],"curies":[{"name":"wp","href":"https:\/\/api.w.org\/{rel}","templated":true}]}}