{"id":316,"date":"2023-09-25T11:56:14","date_gmt":"2023-09-25T09:56:14","guid":{"rendered":"http:\/\/lukasinski.dg.pl\/?page_id=316"},"modified":"2025-09-26T12:20:51","modified_gmt":"2025-09-26T10:20:51","slug":"klasa-ii","status":"publish","type":"page","link":"https:\/\/lukasinski.dg.pl\/?page_id=316","title":{"rendered":"Klasa II"},"content":{"rendered":"\n<ul class=\"wp-block-list\">\n<li><a href=\"http:\/\/lukasinski.dg.pl\/wp-content\/uploads\/2025\/09\/wymagania-edukacyjne-nowa-biologia-na-czasie-klasa-2-zakres-podstawowy-2024.pdf\">Biologia PP<\/a><\/li>\n\n\n\n<li><a href=\"http:\/\/lukasinski.dg.pl\/wp-content\/uploads\/2025\/09\/wymagania-edukacyjne-biologia-klasa-2-zakres-rozszerzony-edycja-2024.pdf\">Biologia PR<\/a><\/li>\n\n\n\n<li><a href=\"http:\/\/lukasinski.dg.pl\/wp-content\/uploads\/2025\/09\/wymagania-chemia-zp-kl-2.pdf\">Chemia PP<\/a><\/li>\n\n\n\n<li><a href=\"http:\/\/lukasinski.dg.pl\/wp-content\/uploads\/2025\/09\/chemia-zr-czesc-2.pdf\">Chemia PR<\/a><\/li>\n\n\n\n<li><a href=\"http:\/\/lukasinski.dg.pl\/wp-content\/uploads\/2025\/09\/Geografia-klasa-II-ZP-1.pdf\">Geografia PP<\/a><\/li>\n\n\n\n<li><a href=\"http:\/\/lukasinski.dg.pl\/wp-content\/uploads\/2025\/09\/New_Password_B2_KO_PP_24-25.pdf\">J. angielski<\/a><\/li>\n\n\n\n<li><a href=\"http:\/\/lukasinski.dg.pl\/wp-content\/uploads\/2025\/09\/Jniem_SPP_Effekt_Neu_cz_2_Przedmiotowy_system_oceniania.-Podstawa-programowa-2024-1-1.pdf\">J. niemiecki<\/a><\/li>\n\n\n\n<li><a href=\"http:\/\/lukasinski.dg.pl\/wp-content\/uploads\/2024\/09\/WYMAGANIA-EDUKAVYJNE-kl-2-Jpol_SPP_Oblicza_epok_ne_kl_2_PSO_liceum_PODSTAWA_2024-1.pdf\">J. polski<\/a><\/li>\n\n\n\n<li><a href=\"http:\/\/lukasinski.dg.pl\/wp-content\/uploads\/2025\/09\/2kl_PP_mat-pso-wymag_zmiana.pdf\">Matematyka PP<\/a><\/li>\n\n\n\n<li><a href=\"http:\/\/lukasinski.dg.pl\/wp-content\/uploads\/2024\/09\/2kl_PR_mat-pso-wymag_zmiana.pdf\">M<\/a><a href=\"http:\/\/lukasinski.dg.pl\/wp-content\/uploads\/2025\/09\/2kl_PR_mat-pso-wymag_zmiana.pdf\">atematyka PR<\/a><\/li>\n\n\n\n<li><a href=\"http:\/\/lukasinski.dg.pl\/wp-content\/uploads\/2023\/09\/PSO-etyka-kl.-II-wymagania-szczegolowe.pdf\">Etyka<\/a><\/li>\n\n\n\n<li><a href=\"http:\/\/lukasinski.dg.pl\/wp-content\/uploads\/2025\/09\/Wymagania-fizyka-2PP.pdf\">Fizyka&nbsp;PP<\/a><\/li>\n\n\n\n<li><a href=\"http:\/\/lukasinski.dg.pl\/wp-content\/uploads\/2025\/09\/Wymagania_edukacyjne_Fizyka_rozszerzenie_kl2-1.pdf\">Fizyka PR<\/a><\/li>\n\n\n\n<li><a href=\"http:\/\/lukasinski.dg.pl\/wp-content\/uploads\/2025\/09\/zrozumiec-przeszlosc-2-wymagania-na-oceny-edycja-2024.pdf\">Historia PR<\/a><\/li>\n\n\n\n<li><a href=\"http:\/\/lukasinski.dg.pl\/wp-content\/uploads\/2025\/09\/poznac-przeszlosc-2-wymagania-na-oceny-edycja-2024.pdf\">Historia PP<\/a><\/li>\n\n\n\n<li><a href=\"http:\/\/lukasinski.dg.pl\/wp-content\/uploads\/2025\/09\/TBPP_Wymagania_na_oceny_klasa_II_zp.pdf\">Informatyka<\/a><\/li>\n\n\n\n<li><a href=\"http:\/\/lukasinski.dg.pl\/wp-content\/uploads\/2024\/09\/Jniem_SPP_Effekt_Neu_cz_2_Przedmiotowy_system_oceniania.-Podstawa-programowa-2024.docx\">J. niemiecki<\/a><\/li>\n\n\n\n<li><a href=\"http:\/\/lukasinski.dg.pl\/wp-content\/uploads\/2023\/09\/PSO-podstawy-przedsiebiorczosci-kl.-II-wymagania-szczegolowe-1.pdf\">Podstawy przedsi\u0119biorczo\u015bci<\/a><\/li>\n\n\n\n<li><a href=\"http:\/\/lukasinski.dg.pl\/wp-content\/uploads\/2023\/09\/PSO-warsztaty-dziennikarskie-kl.-II-wymagania-szczegolowe.pdf\">Warsztaty dziennikarskie<\/a><\/li>\n\n\n\n<li><a href=\"http:\/\/lukasinski.dg.pl\/wp-content\/uploads\/2023\/09\/PSO-wos-kl.-II-PP-wymagania-szczegolowe.pdf\">Wos&nbsp;PP<\/a><\/li>\n\n\n\n<li><a href=\"http:\/\/lukasinski.dg.pl\/wp-content\/uploads\/2025\/09\/Wymagania-edukacyjne-wos-klasa-II-1.pdf\">Wos PR<\/a><\/li>\n\n\n\n<li><a href=\"http:\/\/lukasinski.dg.pl\/wp-content\/uploads\/2025\/09\/przedmiotowy_system_oceniania_klasa_II_pp-1.pdf\">Religia<\/a><\/li>\n\n\n\n<li><a href=\"http:\/\/lukasinski.dg.pl\/wp-content\/uploads\/2023\/09\/Wymagania-edukacyjne-jezyk-hiszpanski-klasa-2.pdf\">J. hiszpa\u0144ski<\/a><\/li>\n\n\n\n<li><a href=\"http:\/\/lukasinski.dg.pl\/wp-content\/uploads\/2025\/09\/klasa-2-czesc-1.pdf\">J. polski cz\u0119\u015b\u0107 1 (Nowa Era)<\/a><\/li>\n\n\n\n<li><a href=\"http:\/\/lukasinski.dg.pl\/wp-content\/uploads\/2025\/09\/klasa-2-czesc-2.pdf\">J. polski cz\u0119\u015b\u0107 2 (Nowa Era)<\/a><\/li>\n\n\n\n<li><a href=\"http:\/\/lukasinski.dg.pl\/wp-content\/uploads\/2025\/09\/WYMAGANIA-SZCZEGOLOWE-EDUKACJA-OBYWATELSKA-KLASA-II-1.pdf\">Edukacja obywatelska<\/a><\/li>\n\n\n\n<li><a href=\"http:\/\/lukasinski.dg.pl\/wp-content\/uploads\/2025\/09\/Wymagania-Edukacyjne-z-Edukacji-Zdrowotnej-2025-3.pdf\">Edukacja zdrowotna<\/a><\/li>\n\n\n\n<li><a href=\"http:\/\/lukasinski.dg.pl\/wp-content\/uploads\/2025\/09\/%E2%81%ACWF-1.pdf\">Wychowanie fizyczne klasy 1-4<\/a><\/li>\n<\/ul>\n","protected":false},"excerpt":{"rendered":"","protected":false},"author":1,"featured_media":0,"parent":0,"menu_order":0,"comment_status":"closed","ping_status":"closed","template":"","meta":{"footnotes":""},"class_list":["post-316","page","type-page","status-publish","hentry"],"_links":{"self":[{"href":"https:\/\/lukasinski.dg.pl\/index.php?rest_route=\/wp\/v2\/pages\/316","targetHints":{"allow":["GET"]}}],"collection":[{"href":"https:\/\/lukasinski.dg.pl\/index.php?rest_route=\/wp\/v2\/pages"}],"about":[{"href":"https:\/\/lukasinski.dg.pl\/index.php?rest_route=\/wp\/v2\/types\/page"}],"author":[{"embeddable":true,"href":"https:\/\/lukasinski.dg.pl\/index.php?rest_route=\/wp\/v2\/users\/1"}],"replies":[{"embeddable":true,"href":"https:\/\/lukasinski.dg.pl\/index.php?rest_route=%2Fwp%2Fv2%2Fcomments&post=316"}],"version-history":[{"count":40,"href":"https:\/\/lukasinski.dg.pl\/index.php?rest_route=\/wp\/v2\/pages\/316\/revisions"}],"predecessor-version":[{"id":2368,"href":"https:\/\/lukasinski.dg.pl\/index.php?rest_route=\/wp\/v2\/pages\/316\/revisions\/2368"}],"wp:attachment":[{"href":"https:\/\/lukasinski.dg.pl\/index.php?rest_route=%2Fwp%2Fv2%2Fmedia&parent=316"}],"curies":[{"name":"wp","href":"https:\/\/api.w.org\/{rel}","templated":true}]}}