{"id":318,"date":"2023-09-25T11:56:25","date_gmt":"2023-09-25T09:56:25","guid":{"rendered":"http:\/\/lukasinski.dg.pl\/?page_id=318"},"modified":"2025-09-26T12:02:18","modified_gmt":"2025-09-26T10:02:18","slug":"klasa-iii","status":"publish","type":"page","link":"https:\/\/lukasinski.dg.pl\/?page_id=318","title":{"rendered":"Klasa III"},"content":{"rendered":"\n<ul class=\"wp-block-list\">\n<li><a href=\"http:\/\/lukasinski.dg.pl\/wp-content\/uploads\/2025\/09\/Geografia-klasa-III-poziom-podstawowy.pdf\">Geografia PP<\/a><\/li>\n\n\n\n<li><a href=\"http:\/\/lukasinski.dg.pl\/wp-content\/uploads\/2025\/09\/Geografia-klasa-III-ZR.pdf\">Geografia PR<\/a><\/li>\n\n\n\n<li><a href=\"http:\/\/lukasinski.dg.pl\/wp-content\/uploads\/2025\/09\/poznac-przeszlosc-3-wymagania-na-oceny-edycja-2024.pdf\">Historia PP<\/a><\/li>\n\n\n\n<li><a href=\"http:\/\/lukasinski.dg.pl\/wp-content\/uploads\/2025\/09\/zrozumiec-przeszlosc-3-wymagania-na-oceny-edycja-2024.pdf\">Historia PR<\/a><\/li>\n\n\n\n<li><a href=\"http:\/\/lukasinski.dg.pl\/wp-content\/uploads\/2023\/09\/informatyka-klasa-III.pdf\">Informatyka<\/a><\/li>\n\n\n\n<li><a href=\"http:\/\/lukasinski.dg.pl\/wp-content\/uploads\/2025\/09\/New_Password_B2plus_C1_KO_PP_24-25.pdf\">J. angielski <\/a><\/li>\n\n\n\n<li><a href=\"http:\/\/lukasinski.dg.pl\/wp-content\/uploads\/2025\/09\/Jniem_SPP_Effekt_Neu_cz_3_Przedmiotowy_system_oceniania-1.pdf\">J. niemiecki<\/a><\/li>\n\n\n\n<li><a href=\"http:\/\/lukasinski.dg.pl\/wp-content\/uploads\/2023\/09\/J.-rosyjski-klasa-III.pdf\">J. rosyjski<\/a><\/li>\n\n\n\n<li><a href=\"http:\/\/lukasinski.dg.pl\/wp-content\/uploads\/2025\/09\/3kl_PP_mat-pso-wymag_zmiana.pdf\">Matematyka PP<\/a><\/li>\n\n\n\n<li><a href=\"http:\/\/lukasinski.dg.pl\/wp-content\/uploads\/2025\/09\/3kl_PR_mat-pso-wymag_zmiana.pdf\">Matematyka PR<\/a><\/li>\n\n\n\n<li><a href=\"http:\/\/lukasinski.dg.pl\/wp-content\/uploads\/2025\/09\/przedmiotowy_system_oceniania_klasa_III_pp-1.pdf\">Religia<\/a><\/li>\n\n\n\n<li><a href=\"http:\/\/lukasinski.dg.pl\/wp-content\/uploads\/2025\/09\/Wymagania-edukacyjne-wos-klasa-III-1.pdf\">Wos&nbsp;PR<\/a><\/li>\n\n\n\n<li><a href=\"http:\/\/lukasinski.dg.pl\/wp-content\/uploads\/2024\/08\/Wymagania-edukacyjne-jezyk-hiszpanski-klasa-3-2024-1.pdf\">J. Hiszpa\u0144ski<\/a><\/li>\n\n\n\n<li><a href=\"http:\/\/lukasinski.dg.pl\/wp-content\/uploads\/2025\/09\/klasa-3-czesc-1.pdf\">J. polski cz\u0119\u015b\u0107 1 (Nowa Era)<\/a><\/li>\n\n\n\n<li><a href=\"http:\/\/lukasinski.dg.pl\/wp-content\/uploads\/2025\/09\/Klasa-3-czesc-2.pdf\">J. polski cz\u0119\u015b\u0107 2 (Nowa Era)<\/a><\/li>\n\n\n\n<li><a href=\"http:\/\/lukasinski.dg.pl\/wp-content\/uploads\/2025\/09\/Klasa-3-pp-i-pr.pdf\">J. polski PP i PR (Wsip)<\/a><\/li>\n\n\n\n<li><a href=\"http:\/\/lukasinski.dg.pl\/wp-content\/uploads\/2024\/09\/wymagania_na_ocene_Belpaese_3-1.pdf\">J. w\u0142oski<\/a><\/li>\n\n\n\n<li><a href=\"http:\/\/lukasinski.dg.pl\/wp-content\/uploads\/2025\/09\/wymagania-edukacyjne-biologia-na-czasie-zakres-podstawowy-klasa-3-edycja-2024.pdf\">Biologia PP<\/a><\/li>\n\n\n\n<li><a href=\"http:\/\/lukasinski.dg.pl\/wp-content\/uploads\/2025\/09\/wymagania-edukacyjne-biologia-klasa-3-zakres-rozszerzony-edycja-2024.pdf\">Biologia PR<\/a><\/li>\n\n\n\n<li><a href=\"http:\/\/lukasinski.dg.pl\/wp-content\/uploads\/2025\/09\/wymagania-chemia-zp-kl-3.pdf\">Chemia PP<\/a><a href=\"http:\/\/lukasinski.dg.pl\/wp-content\/uploads\/2023\/09\/chemia-3a-3d-3e-PP.pdf\"> <\/a><\/li>\n\n\n\n<li><a href=\"http:\/\/lukasinski.dg.pl\/wp-content\/uploads\/2025\/09\/chemia-zr-czesc-3.pdf\">Chemia PR<\/a><\/li>\n\n\n\n<li><a href=\"http:\/\/lukasinski.dg.pl\/wp-content\/uploads\/2025\/09\/Wymagania-fizyka-3PP.pdf\">Fizyka PP<\/a><\/li>\n\n\n\n<li><a href=\"http:\/\/lukasinski.dg.pl\/wp-content\/uploads\/2025\/09\/Wymagania_edukacyjne_Fizyka_rozszerzenie_kl3-1.pdf\">Fizyka PR<\/a><\/li>\n\n\n\n<li><a href=\"http:\/\/lukasinski.dg.pl\/wp-content\/uploads\/2025\/09\/Wymagania-Edukacyjne-z-Edukacji-Zdrowotnej-2025-3.pdf\">Edukacja zdrowotna<\/a><\/li>\n\n\n\n<li><a href=\"http:\/\/lukasinski.dg.pl\/wp-content\/uploads\/2025\/09\/%E2%81%ACWF-1.pdf\">Wychowanie fizyczne klasy 1-4<\/a><\/li>\n<\/ul>\n\n\n\n<p><\/p>\n","protected":false},"excerpt":{"rendered":"","protected":false},"author":1,"featured_media":0,"parent":0,"menu_order":0,"comment_status":"closed","ping_status":"closed","template":"","meta":{"footnotes":""},"class_list":["post-318","page","type-page","status-publish","hentry"],"_links":{"self":[{"href":"https:\/\/lukasinski.dg.pl\/index.php?rest_route=\/wp\/v2\/pages\/318","targetHints":{"allow":["GET"]}}],"collection":[{"href":"https:\/\/lukasinski.dg.pl\/index.php?rest_route=\/wp\/v2\/pages"}],"about":[{"href":"https:\/\/lukasinski.dg.pl\/index.php?rest_route=\/wp\/v2\/types\/page"}],"author":[{"embeddable":true,"href":"https:\/\/lukasinski.dg.pl\/index.php?rest_route=\/wp\/v2\/users\/1"}],"replies":[{"embeddable":true,"href":"https:\/\/lukasinski.dg.pl\/index.php?rest_route=%2Fwp%2Fv2%2Fcomments&post=318"}],"version-history":[{"count":39,"href":"https:\/\/lukasinski.dg.pl\/index.php?rest_route=\/wp\/v2\/pages\/318\/revisions"}],"predecessor-version":[{"id":2365,"href":"https:\/\/lukasinski.dg.pl\/index.php?rest_route=\/wp\/v2\/pages\/318\/revisions\/2365"}],"wp:attachment":[{"href":"https:\/\/lukasinski.dg.pl\/index.php?rest_route=%2Fwp%2Fv2%2Fmedia&parent=318"}],"curies":[{"name":"wp","href":"https:\/\/api.w.org\/{rel}","templated":true}]}}