{"id":320,"date":"2023-09-25T11:56:38","date_gmt":"2023-09-25T09:56:38","guid":{"rendered":"http:\/\/lukasinski.dg.pl\/?page_id=320"},"modified":"2025-10-21T12:45:52","modified_gmt":"2025-10-21T10:45:52","slug":"klasa-iv","status":"publish","type":"page","link":"https:\/\/lukasinski.dg.pl\/?page_id=320","title":{"rendered":"Klasa IV"},"content":{"rendered":"\n<ul class=\"wp-block-list\">\n<li><a href=\"http:\/\/lukasinski.dg.pl\/wp-content\/uploads\/2025\/09\/wymagania-edukacyjne-biologia-klasa-4-zakres-rozszerzony-edycja-2024.pdf\">Biologia PR<\/a><\/li>\n\n\n\n<li><a href=\"http:\/\/lukasinski.dg.pl\/wp-content\/uploads\/2025\/09\/chemia-zr-4.pdf\">Chemia PR<\/a><\/li>\n\n\n\n<li><a href=\"http:\/\/lukasinski.dg.pl\/wp-content\/uploads\/2025\/09\/Wymagania_edukacyjne_Fizyka_rozszerzenie_kl4.pdf\">Fizyka PR<\/a><\/li>\n\n\n\n<li><a href=\"http:\/\/lukasinski.dg.pl\/wp-content\/uploads\/2025\/09\/Geografia-klasa-IV-PR.pdf\">Geografia PR<\/a><\/li>\n\n\n\n<li><a href=\"http:\/\/lukasinski.dg.pl\/wp-content\/uploads\/2025\/09\/poznac-przeszlosc-4-wymagania-na-oceny-nowe.pdf\">Historia PP<\/a><\/li>\n\n\n\n<li><a href=\"http:\/\/lukasinski.dg.pl\/wp-content\/uploads\/2025\/09\/zrozumiec-przeszlosc-4-wymagania-na-oceny-nowe-1.pdf\">Historia PR<\/a><\/li>\n\n\n\n<li><a href=\"http:\/\/lukasinski.dg.pl\/wp-content\/uploads\/2025\/09\/Repetytorium_KO_PozRoz_150h_PP_24-25.pdf\">J. angielski <\/a><\/li>\n\n\n\n<li><a href=\"http:\/\/lukasinski.dg.pl\/wp-content\/uploads\/2025\/09\/Jniem_SPP_Effekt_Neu_cz_4_Przedmiotowy_system_oceniania.pdf\">J. niemiecki<\/a><\/li>\n\n\n\n<li><a href=\"http:\/\/lukasinski.dg.pl\/wp-content\/uploads\/2025\/09\/J_pol_Oblicza_epok_SPP_wym_edu_liceum_-kl4_n.e.pdf\">J. polski PP \u2013 PR WSip<\/a><\/li>\n\n\n\n<li><a href=\"http:\/\/lukasinski.dg.pl\/wp-content\/uploads\/2025\/09\/Klasa-4-3.pdf\">J. polski (Nowa Era)<\/a> cz\u0119\u015b\u0107 1<\/li>\n\n\n\n<li><a href=\"http:\/\/lukasinski.dg.pl\/wp-content\/uploads\/2025\/09\/Klasa-3-czesc-2.pdf\">J. polski cz\u0119\u015b\u0107 2 (Nowa Era)<\/a> cze\u015b\u0107 2<\/li>\n\n\n\n<li><a href=\"http:\/\/lukasinski.dg.pl\/wp-content\/uploads\/2023\/09\/Jezyk-rosyjski-klasa-4-wymagania-szczegolowe.pdf\">J. rosyjski<\/a><\/li>\n\n\n\n<li><a href=\"http:\/\/lukasinski.dg.pl\/wp-content\/uploads\/2025\/09\/4kl_PP_mat_pso-wymag_zmiana.pdf\">Matematyka PP<\/a><\/li>\n\n\n\n<li><a href=\"http:\/\/lukasinski.dg.pl\/wp-content\/uploads\/2025\/09\/4kl_PR_mat_pso-wymag_zmiana.pdf\">Matematyka PR<\/a><\/li>\n\n\n\n<li><a href=\"http:\/\/lukasinski.dg.pl\/wp-content\/uploads\/2025\/09\/przedmiotowy_system_oceniania_klasa_IV_liceum-1.pdf\">Religia<\/a><\/li>\n\n\n\n<li><a href=\"http:\/\/lukasinski.dg.pl\/wp-content\/uploads\/2025\/09\/Wymagania-edukacyjne-wos-klasa-IV-1.pdf\">Wos PR<\/a><\/li>\n\n\n\n<li><a href=\"http:\/\/lukasinski.dg.pl\/wp-content\/uploads\/2025\/09\/Wymagania-edukacyjne-jezyk-hiszpanski-Descubre-klasa-4-2025.pdf\">J. hiszpa\u0144ski<\/a><\/li>\n\n\n\n<li><a href=\"http:\/\/lukasinski.dg.pl\/wp-content\/uploads\/2025\/09\/klasa-4.pdf\">J. w\u0142oski<\/a><\/li>\n\n\n\n<li><a href=\"http:\/\/lukasinski.dg.pl\/wp-content\/uploads\/2025\/09\/Wymagania-edukacyjne-filozofia-zakres-rozszerzony-klasa-IV-2.pdf\">Filozofia PR<\/a><\/li>\n\n\n\n<li><a href=\"http:\/\/lukasinski.dg.pl\/wp-content\/uploads\/2025\/09\/%E2%81%ACWF-1.pdf\">Wychowanie fizyczne klasy 1-4<\/a><\/li>\n<\/ul>\n","protected":false},"excerpt":{"rendered":"","protected":false},"author":1,"featured_media":0,"parent":0,"menu_order":0,"comment_status":"closed","ping_status":"closed","template":"","meta":{"footnotes":""},"class_list":["post-320","page","type-page","status-publish","hentry"],"_links":{"self":[{"href":"https:\/\/lukasinski.dg.pl\/index.php?rest_route=\/wp\/v2\/pages\/320","targetHints":{"allow":["GET"]}}],"collection":[{"href":"https:\/\/lukasinski.dg.pl\/index.php?rest_route=\/wp\/v2\/pages"}],"about":[{"href":"https:\/\/lukasinski.dg.pl\/index.php?rest_route=\/wp\/v2\/types\/page"}],"author":[{"embeddable":true,"href":"https:\/\/lukasinski.dg.pl\/index.php?rest_route=\/wp\/v2\/users\/1"}],"replies":[{"embeddable":true,"href":"https:\/\/lukasinski.dg.pl\/index.php?rest_route=%2Fwp%2Fv2%2Fcomments&post=320"}],"version-history":[{"count":32,"href":"https:\/\/lukasinski.dg.pl\/index.php?rest_route=\/wp\/v2\/pages\/320\/revisions"}],"predecessor-version":[{"id":2488,"href":"https:\/\/lukasinski.dg.pl\/index.php?rest_route=\/wp\/v2\/pages\/320\/revisions\/2488"}],"wp:attachment":[{"href":"https:\/\/lukasinski.dg.pl\/index.php?rest_route=%2Fwp%2Fv2%2Fmedia&parent=320"}],"curies":[{"name":"wp","href":"https:\/\/api.w.org\/{rel}","templated":true}]}}