{"id":34,"date":"2023-09-23T16:52:50","date_gmt":"2023-09-23T14:52:50","guid":{"rendered":"http:\/\/lukasinski.dg.pl\/?page_id=34"},"modified":"2025-09-09T17:16:11","modified_gmt":"2025-09-09T15:16:11","slug":"harmonogram-spotkan-z-rodzicami","status":"publish","type":"page","link":"https:\/\/lukasinski.dg.pl\/?page_id=34","title":{"rendered":"Harmonogram spotka\u0144 z rodzicami"},"content":{"rendered":"\n<p class=\"has-text-align-center\"><strong>ZEBRANIA I KONSULTACJE 2025\/2026<\/strong><\/p>\n\n\n\n<figure class=\"wp-block-table\"><table class=\"has-fixed-layout\"><tbody><tr><td><strong>Data<\/strong><\/td><td><strong>Zebranie\/konsultacje<\/strong><\/td><td><strong>Klasa obs\u0142uguj\u0105ca zebranie<\/strong><\/td><\/tr><tr><td><strong>3.09.2025 \u2013 <\/strong><strong>\u015broda<\/strong><\/td><td><strong>Zebrania klas I \u2013 godz. 16:30 i klas IV \u2013 godz. 17:00<\/strong><\/td><td><strong>2a<\/strong><\/td><\/tr><tr><td><strong>04.09.2025<\/strong> <strong>czwartek<\/strong><\/td><td><strong>Zebrania klas II i klas III \u2013 godz. 17:00<\/strong> &nbsp;<\/td><td><strong>2b<\/strong><\/td><\/tr><tr><td><strong>24.09.2025<\/strong> <strong>czwartek<\/strong><\/td><td><strong>Zebranie Rady Rodzic\u00f3w \u2013 16:00<\/strong><\/td><td><strong>&nbsp;<\/strong><\/td><\/tr><tr><td><strong>06.11.2025<\/strong> <strong>czwartek<\/strong><\/td><td><strong>Konsultacje \u2013 17:30<\/strong><\/td><td><strong>&nbsp;<\/strong><\/td><\/tr><tr><td><strong>22.01.2026<\/strong> <strong>czwartek<\/strong><\/td><td><strong>Konsultacje&nbsp; \u2013 17:30<\/strong><\/td><td><strong>&nbsp;<\/strong><\/td><\/tr><tr><td colspan=\"3\"><strong>KONIEC I P\u00d3\u0141ROCZA \u2013 25.01.2026<\/strong> <strong>POCZ\u0104TEK II P\u00d3\u0141ROCZA \u2013 26.01.2026<\/strong><\/td><\/tr><tr><td><strong>09.04.2026<\/strong> <strong>czwartek<\/strong><\/td><td><strong>Zebrania klas IV 17:30, konsultacje dla klas I, II, III<\/strong><\/td><td><strong>1a<\/strong><\/td><\/tr><tr><td><strong>21.05.2026<\/strong> <strong>czwartek<\/strong><\/td><td><strong>Konsultacje&nbsp; klas I, II, III \u2013 17:30<\/strong><\/td><td>&nbsp;<\/td><\/tr><\/tbody><\/table><\/figure>\n","protected":false},"excerpt":{"rendered":"<p>ZEBRANIA I KONSULTACJE 2025\/2026 Data Zebranie\/konsultacje Klasa obs\u0142uguj\u0105ca zebranie 3.09.2025 \u2013 \u015broda Zebrania klas I \u2013 godz. 16:30 i klas IV \u2013 godz. 17:00 2a&hellip;<\/p>\n","protected":false},"author":1,"featured_media":0,"parent":0,"menu_order":0,"comment_status":"closed","ping_status":"closed","template":"","meta":{"footnotes":""},"class_list":["post-34","page","type-page","status-publish","hentry"],"_links":{"self":[{"href":"https:\/\/lukasinski.dg.pl\/index.php?rest_route=\/wp\/v2\/pages\/34","targetHints":{"allow":["GET"]}}],"collection":[{"href":"https:\/\/lukasinski.dg.pl\/index.php?rest_route=\/wp\/v2\/pages"}],"about":[{"href":"https:\/\/lukasinski.dg.pl\/index.php?rest_route=\/wp\/v2\/types\/page"}],"author":[{"embeddable":true,"href":"https:\/\/lukasinski.dg.pl\/index.php?rest_route=\/wp\/v2\/users\/1"}],"replies":[{"embeddable":true,"href":"https:\/\/lukasinski.dg.pl\/index.php?rest_route=%2Fwp%2Fv2%2Fcomments&post=34"}],"version-history":[{"count":9,"href":"https:\/\/lukasinski.dg.pl\/index.php?rest_route=\/wp\/v2\/pages\/34\/revisions"}],"predecessor-version":[{"id":2227,"href":"https:\/\/lukasinski.dg.pl\/index.php?rest_route=\/wp\/v2\/pages\/34\/revisions\/2227"}],"wp:attachment":[{"href":"https:\/\/lukasinski.dg.pl\/index.php?rest_route=%2Fwp%2Fv2%2Fmedia&parent=34"}],"curies":[{"name":"wp","href":"https:\/\/api.w.org\/{rel}","templated":true}]}}