{"id":36,"date":"2023-09-23T16:53:03","date_gmt":"2023-09-23T14:53:03","guid":{"rendered":"http:\/\/lukasinski.dg.pl\/?page_id=36"},"modified":"2023-10-02T14:04:02","modified_gmt":"2023-10-02T12:04:02","slug":"rada-rodzicow","status":"publish","type":"page","link":"https:\/\/lukasinski.dg.pl\/?page_id=36","title":{"rendered":"Rada Rodzic\u00f3w"},"content":{"rendered":"\n<p class=\"has-text-align-center\"><strong>SK\u0141AD RADY RODZIC\u00d3W W ROKU SZKOLNYM 2023\/202<\/strong>4<\/p>\n\n\n\n<p class=\"has-text-align-center\"><strong>Neugebauer Anna\u00a0<\/strong>przewodnicz\u0105ca<\/p>\n\n\n\n<p class=\"has-text-align-center\"><strong>Janas Micha\u0142<\/strong>\u00a0zast\u0119pca<\/p>\n\n\n\n<p class=\"has-text-align-center\"><strong>Nale\u015bnik Ma\u0142gorzata<\/strong>\u00a0sekretarz<\/p>\n\n\n\n<p class=\"has-text-align-center\"><strong>Paszczela Renata\u00a0<\/strong>skarbnik<\/p>\n\n\n\n<p class=\"has-text-align-center\">Prosimy o dobrowolne wp\u0142aty na Rad\u0119 Rodzic\u00f3w<\/p>\n\n\n\n<p class=\"has-text-align-center\">nr konta:&nbsp;<strong>18 1560 1010 2148 1940 7443 0001<\/strong><\/p>\n","protected":false},"excerpt":{"rendered":"<p>SK\u0141AD RADY RODZIC\u00d3W W ROKU SZKOLNYM 2023\/2024 Neugebauer Anna\u00a0przewodnicz\u0105ca Janas Micha\u0142\u00a0zast\u0119pca Nale\u015bnik Ma\u0142gorzata\u00a0sekretarz Paszczela Renata\u00a0skarbnik Prosimy o dobrowolne wp\u0142aty na Rad\u0119 Rodzic\u00f3w nr konta:&nbsp;18 1560&hellip;<\/p>\n","protected":false},"author":1,"featured_media":0,"parent":0,"menu_order":0,"comment_status":"closed","ping_status":"closed","template":"","meta":{"footnotes":""},"class_list":["post-36","page","type-page","status-publish","hentry"],"_links":{"self":[{"href":"https:\/\/lukasinski.dg.pl\/index.php?rest_route=\/wp\/v2\/pages\/36","targetHints":{"allow":["GET"]}}],"collection":[{"href":"https:\/\/lukasinski.dg.pl\/index.php?rest_route=\/wp\/v2\/pages"}],"about":[{"href":"https:\/\/lukasinski.dg.pl\/index.php?rest_route=\/wp\/v2\/types\/page"}],"author":[{"embeddable":true,"href":"https:\/\/lukasinski.dg.pl\/index.php?rest_route=\/wp\/v2\/users\/1"}],"replies":[{"embeddable":true,"href":"https:\/\/lukasinski.dg.pl\/index.php?rest_route=%2Fwp%2Fv2%2Fcomments&post=36"}],"version-history":[{"count":3,"href":"https:\/\/lukasinski.dg.pl\/index.php?rest_route=\/wp\/v2\/pages\/36\/revisions"}],"predecessor-version":[{"id":366,"href":"https:\/\/lukasinski.dg.pl\/index.php?rest_route=\/wp\/v2\/pages\/36\/revisions\/366"}],"wp:attachment":[{"href":"https:\/\/lukasinski.dg.pl\/index.php?rest_route=%2Fwp%2Fv2%2Fmedia&parent=36"}],"curies":[{"name":"wp","href":"https:\/\/api.w.org\/{rel}","templated":true}]}}