{"id":43,"date":"2023-09-23T16:54:39","date_gmt":"2023-09-23T14:54:39","guid":{"rendered":"http:\/\/lukasinski.dg.pl\/?page_id=43"},"modified":"2026-04-14T10:19:16","modified_gmt":"2026-04-14T08:19:16","slug":"rekrutacja-2024-2025","status":"publish","type":"page","link":"https:\/\/lukasinski.dg.pl\/?page_id=43","title":{"rendered":"Rekrutacja 2026\/2027"},"content":{"rendered":"\n<p class=\"has-text-align-center\"><strong><a href=\"http:\/\/lukasinski.dg.pl\/wp-content\/uploads\/2026\/04\/Regulamin-rekrutacji-2026-2027-1.pdf\">Pobierz regulamin rekrutacji<\/a><\/strong><\/p>\n\n\n\n<p class=\"has-text-align-center\"><strong>Oferta edukacyjna na rok szkolny 2026\/2027&nbsp;<\/strong><\/p>\n\n\n\n<p>W zale\u017cno\u015bci od liczby kandydat\u00f3w i odpowiedniej liczby punkt\u00f3w otworzymy 4 lub wi\u0119cej oddzia\u0142\u00f3w.&nbsp;<\/p>\n\n\n\n<p><strong>1A1<\/strong>&nbsp;<em><a href=\"http:\/\/lukasinski.dg.pl\/wp-content\/uploads\/2026\/03\/Klasa-1a_1-4.pdf\">Medialno-lingwistyczna<\/a><\/em>&nbsp;\u2013 przedmioty w zakresie rozszerzonym: j. polski i j. angielski (6\/7 godzin tygodniowo w ka\u017cdej klasie !!!).<\/p>\n\n\n\n<p><strong>1A2<\/strong>&nbsp;<em><a href=\"http:\/\/lukasinski.dg.pl\/wp-content\/uploads\/2026\/03\/Klasa-1a_1-4.pdf\">Relacji i komunikacji<\/a><\/em>&nbsp;&#8211;&nbsp;przedmioty w zakresie rozszerzonym: j.&nbsp;polski,&nbsp;&nbsp;j.&nbsp;angielski, biologia z&nbsp;elementami&nbsp;neuropsychobiologii&nbsp;<\/p>\n\n\n\n<p><strong>1B<\/strong>&nbsp;<em><a href=\"http:\/\/lukasinski.dg.pl\/wp-content\/uploads\/2026\/03\/Klasa-1b_1-2.pdf\">Medyczno-farmaceutyczna<\/a> :<\/em>&nbsp;przedmioty w&nbsp;zakresie rozszerzonym: biologia,&nbsp;chemia&nbsp;&nbsp;i&nbsp;j. angielski.&nbsp;<\/p>\n\n\n\n<p><strong>1C1<\/strong>&nbsp;<em><a href=\"http:\/\/lukasinski.dg.pl\/wp-content\/uploads\/2026\/03\/Klasa-1c_1-4.pdf\">Menad\u017cersko-turystyczna<\/a><\/em>&nbsp;:&nbsp;przedmioty w&nbsp;zakresie rozszerzonym: matematyka, geografia z psychologi\u0105 w ekonomii,&nbsp;j. angielski&nbsp;z elementami biznesu.&nbsp;<\/p>\n\n\n\n<p><strong>1C2<\/strong>&nbsp;<em><a href=\"http:\/\/lukasinski.dg.pl\/wp-content\/uploads\/2026\/03\/Klasa-1c_1-4.pdf\">Astronomiczno-techniczna<\/a><\/em>&nbsp;:&nbsp;przedmioty w zakresie rozszerzonym: matematyka, fizyka z astronomi\u0105&nbsp;i j.&nbsp;angielski&nbsp; z&nbsp;elementami j\u0119zyka technicznego.&nbsp;&nbsp;<\/p>\n\n\n\n<p><strong>1D<\/strong>&nbsp;<em><a href=\"http:\/\/lukasinski.dg.pl\/wp-content\/uploads\/2026\/03\/Klasa-1-d_1-4.pdf\">Lider\u00f3w \u2013&nbsp;spo\u0142ecznych<\/a><\/em>&nbsp;:&nbsp;przedmioty w zakresie rozszerzonym: historia, WOS&nbsp;i&nbsp;&nbsp;j.&nbsp;angielski&nbsp;<\/p>\n\n\n\n<p><\/p>\n","protected":false},"excerpt":{"rendered":"<p>Pobierz regulamin rekrutacji Oferta edukacyjna na rok szkolny 2026\/2027&nbsp; W zale\u017cno\u015bci od liczby kandydat\u00f3w i odpowiedniej liczby punkt\u00f3w otworzymy 4 lub wi\u0119cej oddzia\u0142\u00f3w.&nbsp; 1A1&nbsp;Medialno-lingwistyczna&nbsp;\u2013 przedmioty&hellip;<\/p>\n","protected":false},"author":1,"featured_media":0,"parent":0,"menu_order":0,"comment_status":"closed","ping_status":"closed","template":"","meta":{"footnotes":""},"class_list":["post-43","page","type-page","status-publish","hentry"],"_links":{"self":[{"href":"https:\/\/lukasinski.dg.pl\/index.php?rest_route=\/wp\/v2\/pages\/43","targetHints":{"allow":["GET"]}}],"collection":[{"href":"https:\/\/lukasinski.dg.pl\/index.php?rest_route=\/wp\/v2\/pages"}],"about":[{"href":"https:\/\/lukasinski.dg.pl\/index.php?rest_route=\/wp\/v2\/types\/page"}],"author":[{"embeddable":true,"href":"https:\/\/lukasinski.dg.pl\/index.php?rest_route=\/wp\/v2\/users\/1"}],"replies":[{"embeddable":true,"href":"https:\/\/lukasinski.dg.pl\/index.php?rest_route=%2Fwp%2Fv2%2Fcomments&post=43"}],"version-history":[{"count":14,"href":"https:\/\/lukasinski.dg.pl\/index.php?rest_route=\/wp\/v2\/pages\/43\/revisions"}],"predecessor-version":[{"id":2760,"href":"https:\/\/lukasinski.dg.pl\/index.php?rest_route=\/wp\/v2\/pages\/43\/revisions\/2760"}],"wp:attachment":[{"href":"https:\/\/lukasinski.dg.pl\/index.php?rest_route=%2Fwp%2Fv2%2Fmedia&parent=43"}],"curies":[{"name":"wp","href":"https:\/\/api.w.org\/{rel}","templated":true}]}}