{"id":45,"date":"2023-09-23T16:54:53","date_gmt":"2023-09-23T14:54:53","guid":{"rendered":"http:\/\/lukasinski.dg.pl\/?page_id=45"},"modified":"2026-01-26T10:25:32","modified_gmt":"2026-01-26T09:25:32","slug":"dokumenty-szkolne","status":"publish","type":"page","link":"https:\/\/lukasinski.dg.pl\/?page_id=45","title":{"rendered":"Dokumenty szkolne"},"content":{"rendered":"\n<p><a href=\"http:\/\/lukasinski.dg.pl\/wp-content\/uploads\/2025\/10\/Statut-szkoly-23.09.2025.pdf\">Statut szko\u0142y 23.09.2025r.<\/a><\/p>\n\n\n\n<p><a href=\"http:\/\/lukasinski.dg.pl\/wp-content\/uploads\/2024\/05\/STANDARDY-I-LO-2.pdf\">Procedura ochrony ma\u0142oletnich w I LO im. W \u0141ukasi\u0144skiego<\/a><\/p>\n\n\n\n<p><a href=\"http:\/\/lukasinski.dg.pl\/wp-content\/uploads\/2023\/09\/REGULAMIN-FUNKCJONOWANIA-DZIENNIKA-ELEKTRONICZNEGO-w-I-Liceum-Ogolnoksztalcacym-im-aktualizacja-1.09.2022.pdf\">Regulamin funkcjonowania dziennika elektronicznego<\/a><\/p>\n\n\n\n<p><a href=\"http:\/\/lukasinski.dg.pl\/wp-content\/uploads\/2023\/09\/Zajecia-z-wychowawca-tematyka-klasy-I.pdf\">Tematyka godzin wychowawczych \u2013 klasa I<\/a><\/p>\n\n\n\n<p><a href=\"http:\/\/lukasinski.dg.pl\/wp-content\/uploads\/2025\/09\/Tematyka-godzin-wychowawczych_kl.2.pdf\">Tematyka godzin wychowawczych \u2013 klasa II<\/a><\/p>\n\n\n\n<p><a href=\"http:\/\/lukasinski.dg.pl\/wp-content\/uploads\/2025\/09\/tematyka-godzin-wychowawczych-klasa-III-2.pdf\">Tematyka godzin wychowawczych \u2013 klasa III<\/a><\/p>\n\n\n\n<p><a href=\"http:\/\/lukasinski.dg.pl\/wp-content\/uploads\/2025\/09\/Tematyka-godz-wych-kl4.pdf\">Tematyka godzin wychowawczych \u2013 klasa IV<\/a><\/p>\n\n\n\n<p><a href=\"http:\/\/lukasinski.dg.pl\/wp-content\/uploads\/2026\/01\/program-wychowawczy-2025-26-1.pdf\">Program wychowawczo &#8211; profilaktyczny<\/a><\/p>\n\n\n\n<p><a href=\"http:\/\/lukasinski.dg.pl\/wp-content\/uploads\/2025\/06\/program_doradztwa_zawowdowego-I-LO-DG.pdf\">Program doradztwa zawodowego<\/a><\/p>\n\n\n\n<p><\/p>\n","protected":false},"excerpt":{"rendered":"<p>Statut szko\u0142y 23.09.2025r. Procedura ochrony ma\u0142oletnich w I LO im. W \u0141ukasi\u0144skiego Regulamin funkcjonowania dziennika elektronicznego Tematyka godzin wychowawczych \u2013 klasa I Tematyka godzin wychowawczych&hellip;<\/p>\n","protected":false},"author":1,"featured_media":0,"parent":0,"menu_order":0,"comment_status":"closed","ping_status":"closed","template":"","meta":{"footnotes":""},"class_list":["post-45","page","type-page","status-publish","hentry"],"_links":{"self":[{"href":"https:\/\/lukasinski.dg.pl\/index.php?rest_route=\/wp\/v2\/pages\/45","targetHints":{"allow":["GET"]}}],"collection":[{"href":"https:\/\/lukasinski.dg.pl\/index.php?rest_route=\/wp\/v2\/pages"}],"about":[{"href":"https:\/\/lukasinski.dg.pl\/index.php?rest_route=\/wp\/v2\/types\/page"}],"author":[{"embeddable":true,"href":"https:\/\/lukasinski.dg.pl\/index.php?rest_route=\/wp\/v2\/users\/1"}],"replies":[{"embeddable":true,"href":"https:\/\/lukasinski.dg.pl\/index.php?rest_route=%2Fwp%2Fv2%2Fcomments&post=45"}],"version-history":[{"count":22,"href":"https:\/\/lukasinski.dg.pl\/index.php?rest_route=\/wp\/v2\/pages\/45\/revisions"}],"predecessor-version":[{"id":2614,"href":"https:\/\/lukasinski.dg.pl\/index.php?rest_route=\/wp\/v2\/pages\/45\/revisions\/2614"}],"wp:attachment":[{"href":"https:\/\/lukasinski.dg.pl\/index.php?rest_route=%2Fwp%2Fv2%2Fmedia&parent=45"}],"curies":[{"name":"wp","href":"https:\/\/api.w.org\/{rel}","templated":true}]}}