{"id":51,"date":"2023-09-23T16:56:09","date_gmt":"2023-09-23T14:56:09","guid":{"rendered":"http:\/\/lukasinski.dg.pl\/?page_id=51"},"modified":"2023-12-21T15:47:39","modified_gmt":"2023-12-21T14:47:39","slug":"katalog-online-molnet","status":"publish","type":"page","link":"https:\/\/lukasinski.dg.pl\/?page_id=51","title":{"rendered":"Katalog online Molnet+"},"content":{"rendered":"<div class=\"wp-block-image\">\n<figure class=\"aligncenter size-full\"><img loading=\"lazy\" decoding=\"async\" width=\"262\" height=\"193\" src=\"http:\/\/lukasinski.dg.pl\/wp-content\/uploads\/2023\/12\/MicrosoftTeams-image-395.jpg\" alt=\"\" class=\"wp-image-554\"\/><\/figure>\n<\/div>\n\n\n<p class=\"has-text-align-center\">Katalog online MOLNET+<\/p>\n\n\n\n<p>W zwi\u0105zku z uruchomieniem w bibliotece szkolnej katalogu online MOL NET +, zapraszamy do korzystania z naszych zasob\u00f3w: przegl\u0105dania katalogu, \u015bledzenia swojego konta wypo\u017cycze\u0144, mo\u017cliwo\u015bci rezerwacji zbior\u00f3w oraz przed\u0142u\u017cenia wypo\u017cycze\u0144, .Katalog biblioteki dost\u0119pny jest o ka\u017cdej porze i z ka\u017cdego komputera posiadaj\u0105cego dost\u0119p do Internetu, tak\u017ce z urz\u0105dze\u0144 mobilnych.<\/p>\n\n\n\n<p><strong>Jak zalogowa\u0107 si\u0119 do katalogu biblioteki?<\/strong><\/p>\n\n\n\n<ol class=\"wp-block-list\" style=\"list-style-type:1\">\n<li>Aby m\u00f3c zalogowa\u0107 si\u0119 na swoje konto w katalogu, nale\u017cy klikn\u0105\u0107 w ikonk\u0119 kluczyka&nbsp;&nbsp;&nbsp;&nbsp;w prawym g\u00f3rnym rogu i zalogowa\u0107 si\u0119 lub ustawi\u0107 swoje has\u0142o.<\/li>\n\n\n\n<li>Je\u015bli logowanie odbywa si\u0119 po raz pierwszy za pomoc\u0105 przekazanego bibliotece e-maila, klikamy&nbsp;<a href=\"https:\/\/cufs.vulcan.net.pl\/m008764\/AccountManage\/CreateAccount\"><strong>\u201eZa\u0142\u00f3\u017c konto\u201d<\/strong><\/a>&nbsp;&nbsp;i post\u0119pujemy zgodnie z prezentowanymi wskaz\u00f3wkami. To umo\u017cliwi ustawienie has\u0142a dla konta ucznia.<\/li>\n\n\n\n<li>Je\u015bli jest ju\u017c ustawione has\u0142o dla tego e-maila, mo\u017cna&nbsp;od razu zalogowa\u0107 si\u0119 do katalogu biblioteki.<\/li>\n<\/ol>\n\n\n\n<p>Je\u017celi biblioteka nie dysponuje e-mailem czytelnika, nale\u017cy go przes\u0142a\u0107 na jej adres:&nbsp;biblioteka1lo@poczta.onet.pl. Po otrzymaniu e-maila zwrotnego nale\u017cy post\u0105pi\u0107 wed\u0142ug powy\u017cszych wskaz\u00f3wek (pkt.2.)<\/p>\n","protected":false},"excerpt":{"rendered":"<p>Katalog online MOLNET+ W zwi\u0105zku z uruchomieniem w bibliotece szkolnej katalogu online MOL NET +, zapraszamy do korzystania z naszych zasob\u00f3w: przegl\u0105dania katalogu, \u015bledzenia swojego&hellip;<\/p>\n","protected":false},"author":1,"featured_media":554,"parent":0,"menu_order":0,"comment_status":"closed","ping_status":"closed","template":"","meta":{"footnotes":""},"class_list":["post-51","page","type-page","status-publish","has-post-thumbnail","hentry"],"_links":{"self":[{"href":"https:\/\/lukasinski.dg.pl\/index.php?rest_route=\/wp\/v2\/pages\/51","targetHints":{"allow":["GET"]}}],"collection":[{"href":"https:\/\/lukasinski.dg.pl\/index.php?rest_route=\/wp\/v2\/pages"}],"about":[{"href":"https:\/\/lukasinski.dg.pl\/index.php?rest_route=\/wp\/v2\/types\/page"}],"author":[{"embeddable":true,"href":"https:\/\/lukasinski.dg.pl\/index.php?rest_route=\/wp\/v2\/users\/1"}],"replies":[{"embeddable":true,"href":"https:\/\/lukasinski.dg.pl\/index.php?rest_route=%2Fwp%2Fv2%2Fcomments&post=51"}],"version-history":[{"count":3,"href":"https:\/\/lukasinski.dg.pl\/index.php?rest_route=\/wp\/v2\/pages\/51\/revisions"}],"predecessor-version":[{"id":555,"href":"https:\/\/lukasinski.dg.pl\/index.php?rest_route=\/wp\/v2\/pages\/51\/revisions\/555"}],"wp:featuredmedia":[{"embeddable":true,"href":"https:\/\/lukasinski.dg.pl\/index.php?rest_route=\/wp\/v2\/media\/554"}],"wp:attachment":[{"href":"https:\/\/lukasinski.dg.pl\/index.php?rest_route=%2Fwp%2Fv2%2Fmedia&parent=51"}],"curies":[{"name":"wp","href":"https:\/\/api.w.org\/{rel}","templated":true}]}}