{"id":560,"date":"2023-12-21T15:53:23","date_gmt":"2023-12-21T14:53:23","guid":{"rendered":"https:\/\/lukasinski.dg.pl\/?page_id=560"},"modified":"2024-04-07T16:26:31","modified_gmt":"2024-04-07T14:26:31","slug":"konkursy-czytelniczo-literackie","status":"publish","type":"page","link":"https:\/\/lukasinski.dg.pl\/?page_id=560","title":{"rendered":"Konkursy czytelniczo-literackie"},"content":{"rendered":"\n<p class=\"has-text-align-center\">Zwyci\u0119zc\u0105 marcowego konkursu czytelniczo-literackiego pt. :&#8221;Spotkajmy si\u0119 w \u015ar\u00f3dziemiu na podstawie W\u0142adcy pier\u015bcieni J.R.R. Tolkiena&#8221; zosta\u0142a: Livia \u015amigielska z kl. IIB Gratulujemy! Zapraszamy do wzi\u0119cia udzia\u0142u w kwietniowym konkursie pt.: &#8222;O bohaterach literackich nie tylko ze szkolnych lektur&#8221;. Pytania konkursowe dost\u0119pne w bibliotece szkolnej. \u00a0<\/p>\n\n\n\n<hr class=\"wp-block-separator has-alpha-channel-opacity\"\/>\n\n\n\n<p class=\"has-text-align-center\">Zwyci\u0119zcami lutowego konkursu czytelniczo-literackiego pt. :&#8221;Ksi\u0105\u017cka w rapie&#8221; zostali: Livia \u015amigielska z kl. IIB , Kacper Kaczy\u0144ski z kl. IID, Filip Wyjad\u0142owski \u00a0z kl. IID, Maja Musialik z kl. IIIA, Karolina \u017bak z kl. IIIA, Ewa Wojciechowska z kl. IVA, Olga Dudek z kl. IVA, Kinga Kalinowska z kl. IVA, Aleksandra W\u0105s z kl. IVA, , Paulina Czekaj z kl. IVA. \u00a0Gratulujemy! Zapraszamy do wzi\u0119cia udzia\u0142u w marcowym konkursie pt.: &#8222;Spotkajmy si\u0119 w \u015ar\u00f3dziemiu na podstawie W\u0142adcy pier\u015bcieni J.R. R. Tolkiena&#8221;. Pytania konkursowe dost\u0119pne w bibliotece szkolnej. \u00a0<\/p>\n\n\n\n<hr class=\"wp-block-separator has-alpha-channel-opacity\"\/>\n\n\n\n<p class=\"has-text-align-center\">Zwyci\u0119zcami styczniowego konkursu czytelniczo-literackiego pt. :&#8221;Czyj to \u017cyciorys?&#8221; zostali: Livia \u015amigielska z kl. IIB i Kacper Kaczy\u0144ski z kl. IID. Gratulujemy! Zapraszamy do wzi\u0119cia udzia\u0142u w lutowym konkursie pt.: &#8222;Ksi\u0105\u017cka w rapie&#8221;. Pytania konkursowe dost\u0119pne w bibliotece szkolnej. &nbsp;<\/p>\n\n\n\n<hr class=\"wp-block-separator has-alpha-channel-opacity\"\/>\n\n\n\n<p class=\"has-text-align-center\">Zwyci\u0119zcami grudniowego konkursu czytelniczo-literackiego pt. :&#8221;Pod gwiazd\u0105 wieszcza Adama&#8221; zostali: Kacper Kaczy\u0144ski z kl. IID oraz Filip Wyjad\u0142owski z kl. IID. Gratulujemy! Zapraszamy do wzi\u0119cia udzia\u0142u w styczniowym konkursie pt.: &#8222;Czyj to \u017cyciorys?&#8221;. Pytania konkursowe dost\u0119pne w bibliotece szkolnej.<\/p>\n\n\n\n<hr class=\"wp-block-separator has-alpha-channel-opacity\"\/>\n\n\n<div class=\"wp-block-image\">\n<figure class=\"aligncenter size-full is-resized\"><img loading=\"lazy\" decoding=\"async\" width=\"219\" height=\"176\" src=\"https:\/\/lukasinski.dg.pl\/wp-content\/uploads\/2024\/01\/image.png\" alt=\"\" class=\"wp-image-595\" style=\"width:186px;height:auto\"\/><\/figure>\n<\/div>\n\n\n<p class=\"has-text-align-center\">Rozstrzygni\u0119cie konkurs\u00f3w na prac\u0119 pisemn\u0105&nbsp;<strong>&#8222;Biblioteka moich marze\u0144&#8221;<\/strong><strong> oraz \u201eRecenzj\u0119 ulubionej ksi\u0105\u017cki\u201d<\/strong>&nbsp;<strong>ze swoich ulubionych lub ostatnio przeczytanych ksi\u0105\u017cek<\/strong>&nbsp;ju\u017c za nami. Celem&nbsp;konkurs\u00f3w&nbsp;by\u0142o promowanie aktywno\u015bci tw\u00f3rczej, rozwijanie kreatywno\u015bci i wra\u017cliwo\u015bci estetycznej oraz&nbsp;promocja biblioteki w \u015brodowisku szkolnym. Zg\u0142oszone prace zachwyca\u0142y&nbsp;r\u00f3\u017cnorodno\u015bci\u0105 i pomys\u0142owo\u015bci\u0105.<\/p>\n\n\n\n<p class=\"has-text-align-center\">Zwyci\u0119zc\u0105 konkursu \u201eBiblioteka moich marze\u0144\u201d zosta\u0142a Anna Ja\u015btal z kl. IIIB. Zwyci\u0119zc\u0105 konkursu \u201eRecenzja ulubionej ksi\u0105\u017cki\u201d zosta\u0142a Livia \u015amigielska &nbsp;&nbsp;&nbsp;&nbsp;&nbsp;&nbsp;&nbsp;z kl. IIB. Nagrodzone uczennice otrzyma\u0142y opr\u00f3cz dyplom\u00f3w atrakcyjne nagrody ksi\u0105\u017ckowe. Serdecznie&nbsp;gratulujemy!<\/p>\n\n\n\n<hr class=\"wp-block-separator has-alpha-channel-opacity\"\/>\n\n\n<div class=\"wp-block-image\">\n<figure class=\"aligncenter size-full is-resized\"><img loading=\"lazy\" decoding=\"async\" width=\"901\" height=\"409\" src=\"http:\/\/lukasinski.dg.pl\/wp-content\/uploads\/2023\/12\/MicrosoftTeams-image-396.png\" alt=\"\" class=\"wp-image-557\" style=\"width:358px;height:auto\" srcset=\"https:\/\/lukasinski.dg.pl\/wp-content\/uploads\/2023\/12\/MicrosoftTeams-image-396.png 901w, https:\/\/lukasinski.dg.pl\/wp-content\/uploads\/2023\/12\/MicrosoftTeams-image-396-300x136.png 300w, https:\/\/lukasinski.dg.pl\/wp-content\/uploads\/2023\/12\/MicrosoftTeams-image-396-768x349.png 768w\" sizes=\"auto, (max-width: 901px) 100vw, 901px\" \/><\/figure>\n<\/div>\n\n\n<p><strong>W bibliotece szkolnej organizowane s\u0105 comiesi\u0119czne konkursy czytelniczo-literackie, kt\u00f3rych celem jest: zach\u0119cenie uczni\u00f3w do czytania i poszerzania wiedzy zwi\u0105zanej z tematyk\u0105 konkursu, nabycie przez nich umiej\u0119tno\u015bci korzystania z r\u00f3\u017cnych \u017ar\u00f3de\u0142 informacji bezpo\u015bredniej i po\u015bredniej, wykorzystywanie warsztatu informacyjnego biblioteki, warto\u015bciowanie i selekcjonowanie informacji.<\/strong><\/p>\n\n\n\n<p class=\"has-text-align-center\"><strong>&nbsp;Zwyci\u0119zcy konkursu otrzymuj\u0105 dyplom, nagrod\u0119 ksi\u0105\u017ckow\u0105 oraz ocen\u0119 celuj\u0105c\u0105 z j\u0119zyka polskiego i dodatkowe punkty z zachowania.<\/strong> Zwyci\u0119zcami pa\u017adziernikowego konkursu czytelniczo-literackiego pt.: &#8222;Lalka Boles\u0142awa Prusa&#8221; zostali: Kacper Kaczy\u0144ski z kl. II D oraz Filip Wyjad\u0142owski z kl. II D. &nbsp;Zwyci\u0119zcami listopadowego konkursu czytelniczo-literackiego pt. :&#8221;Tw\u00f3rczo\u015b\u0107 K. I. Ga\u0142czy\u0144skiego&#8221; zosta\u0142: Filip Wyjad\u0142owski z kl. II D. Zapraszamy do wzi\u0119cia udzia\u0142u w grudniowym konkursie pt.: &#8222;Pod gwiazd\u0105 wieszcza Adama&#8221;. Pytania konkursowe dost\u0119pne w bibliotece szkolnej.<\/p>\n","protected":false},"excerpt":{"rendered":"<p>Zwyci\u0119zc\u0105 marcowego konkursu czytelniczo-literackiego pt. :&#8221;Spotkajmy si\u0119 w \u015ar\u00f3dziemiu na podstawie W\u0142adcy pier\u015bcieni J.R.R. Tolkiena&#8221; zosta\u0142a: Livia \u015amigielska z kl. IIB Gratulujemy! Zapraszamy do wzi\u0119cia&hellip;<\/p>\n","protected":false},"author":1,"featured_media":0,"parent":0,"menu_order":0,"comment_status":"closed","ping_status":"closed","template":"","meta":{"footnotes":""},"class_list":["post-560","page","type-page","status-publish","hentry"],"_links":{"self":[{"href":"https:\/\/lukasinski.dg.pl\/index.php?rest_route=\/wp\/v2\/pages\/560","targetHints":{"allow":["GET"]}}],"collection":[{"href":"https:\/\/lukasinski.dg.pl\/index.php?rest_route=\/wp\/v2\/pages"}],"about":[{"href":"https:\/\/lukasinski.dg.pl\/index.php?rest_route=\/wp\/v2\/types\/page"}],"author":[{"embeddable":true,"href":"https:\/\/lukasinski.dg.pl\/index.php?rest_route=\/wp\/v2\/users\/1"}],"replies":[{"embeddable":true,"href":"https:\/\/lukasinski.dg.pl\/index.php?rest_route=%2Fwp%2Fv2%2Fcomments&post=560"}],"version-history":[{"count":6,"href":"https:\/\/lukasinski.dg.pl\/index.php?rest_route=\/wp\/v2\/pages\/560\/revisions"}],"predecessor-version":[{"id":865,"href":"https:\/\/lukasinski.dg.pl\/index.php?rest_route=\/wp\/v2\/pages\/560\/revisions\/865"}],"wp:attachment":[{"href":"https:\/\/lukasinski.dg.pl\/index.php?rest_route=%2Fwp%2Fv2%2Fmedia&parent=560"}],"curies":[{"name":"wp","href":"https:\/\/api.w.org\/{rel}","templated":true}]}}