{"id":574,"date":"2023-12-21T16:02:00","date_gmt":"2023-12-21T15:02:00","guid":{"rendered":"https:\/\/lukasinski.dg.pl\/?page_id=574"},"modified":"2023-12-21T16:02:01","modified_gmt":"2023-12-21T15:02:01","slug":"narodowy-program-rozwoju-czytelnictwa","status":"publish","type":"page","link":"https:\/\/lukasinski.dg.pl\/?page_id=574","title":{"rendered":"Narodowy Program Rozwoju Czytelnictwa"},"content":{"rendered":"\n<p><\/p>\n\n\n\n<p class=\"has-text-align-center\">&nbsp;&nbsp;&nbsp;&nbsp;&nbsp;&nbsp;&nbsp;&nbsp;&nbsp;&nbsp;&nbsp; Biblioteka szkolna realizowa\u0142a rz\u0105dowy projekt Narodowy Program Rozwoju Czytelnictwa, kt\u00f3rego celem by\u0142o wzmocnienie zainteresowa\u0144 i aktywno\u015bci czytelniczej uczni\u00f3w, a tak\u017ce uatrakcyjnienie ksi\u0119gozbioru biblioteki szkolnej poprzez zakup nowo\u015bci wydawniczych oraz wzbogacenie sprz\u0119tu o nowe komputery do obs\u0142ugi programu bibliotecznego.<\/p>\n","protected":false},"excerpt":{"rendered":"<p>&nbsp;&nbsp;&nbsp;&nbsp;&nbsp;&nbsp;&nbsp;&nbsp;&nbsp;&nbsp;&nbsp; Biblioteka szkolna realizowa\u0142a rz\u0105dowy projekt Narodowy Program Rozwoju Czytelnictwa, kt\u00f3rego celem by\u0142o wzmocnienie zainteresowa\u0144 i aktywno\u015bci czytelniczej uczni\u00f3w, a tak\u017ce uatrakcyjnienie ksi\u0119gozbioru biblioteki szkolnej&hellip;<\/p>\n","protected":false},"author":1,"featured_media":0,"parent":0,"menu_order":0,"comment_status":"closed","ping_status":"closed","template":"","meta":{"footnotes":""},"class_list":["post-574","page","type-page","status-publish","hentry"],"_links":{"self":[{"href":"https:\/\/lukasinski.dg.pl\/index.php?rest_route=\/wp\/v2\/pages\/574","targetHints":{"allow":["GET"]}}],"collection":[{"href":"https:\/\/lukasinski.dg.pl\/index.php?rest_route=\/wp\/v2\/pages"}],"about":[{"href":"https:\/\/lukasinski.dg.pl\/index.php?rest_route=\/wp\/v2\/types\/page"}],"author":[{"embeddable":true,"href":"https:\/\/lukasinski.dg.pl\/index.php?rest_route=\/wp\/v2\/users\/1"}],"replies":[{"embeddable":true,"href":"https:\/\/lukasinski.dg.pl\/index.php?rest_route=%2Fwp%2Fv2%2Fcomments&post=574"}],"version-history":[{"count":1,"href":"https:\/\/lukasinski.dg.pl\/index.php?rest_route=\/wp\/v2\/pages\/574\/revisions"}],"predecessor-version":[{"id":575,"href":"https:\/\/lukasinski.dg.pl\/index.php?rest_route=\/wp\/v2\/pages\/574\/revisions\/575"}],"wp:attachment":[{"href":"https:\/\/lukasinski.dg.pl\/index.php?rest_route=%2Fwp%2Fv2%2Fmedia&parent=574"}],"curies":[{"name":"wp","href":"https:\/\/api.w.org\/{rel}","templated":true}]}}