{"id":577,"date":"2023-12-21T16:04:18","date_gmt":"2023-12-21T15:04:18","guid":{"rendered":"https:\/\/lukasinski.dg.pl\/?page_id=577"},"modified":"2024-01-04T09:09:56","modified_gmt":"2024-01-04T08:09:56","slug":"biblioteki-cyfrowe-polskie","status":"publish","type":"page","link":"https:\/\/lukasinski.dg.pl\/?page_id=577","title":{"rendered":"Biblioteki online"},"content":{"rendered":"<div class=\"wp-block-image\">\n<figure class=\"aligncenter size-full is-resized\"><img loading=\"lazy\" decoding=\"async\" width=\"1024\" height=\"768\" src=\"https:\/\/lukasinski.dg.pl\/wp-content\/uploads\/2023\/12\/MicrosoftTeams-image-399.jpg\" alt=\"\" class=\"wp-image-578\" style=\"width:326px;height:auto\" srcset=\"https:\/\/lukasinski.dg.pl\/wp-content\/uploads\/2023\/12\/MicrosoftTeams-image-399.jpg 1024w, https:\/\/lukasinski.dg.pl\/wp-content\/uploads\/2023\/12\/MicrosoftTeams-image-399-300x225.jpg 300w, https:\/\/lukasinski.dg.pl\/wp-content\/uploads\/2023\/12\/MicrosoftTeams-image-399-768x576.jpg 768w\" sizes=\"auto, (max-width: 1024px) 100vw, 1024px\" \/><\/figure>\n<\/div>\n\n\n<p><a href=\"https:\/\/fbc.pionier.net.pl\/\" target=\"_blank\" rel=\"noreferrer noopener\"><strong>Federacja Bibliotek Cyfrowych<\/strong><\/a><strong><\/strong><\/p>\n\n\n\n<p>Strona, kt\u00f3rej&nbsp;podstawowym celem jest gromadzenie, przetwarzanie i&nbsp;udost\u0119pnianie informacji online o&nbsp;zbiorach polskich instytucji nauki i&nbsp;kultury.<\/p>\n\n\n\n<p><a href=\"https:\/\/www.sbc.org.pl\/dlibra\" target=\"_blank\" rel=\"noreferrer noopener\"><strong>\u015al\u0105ska Biblioteka Cyfrowa<\/strong><\/a><strong><\/strong><\/p>\n\n\n\n<p>Biblioteka, powsta\u0142a na&nbsp;mocy porozumienia Biblioteki \u015al\u0105skiej i&nbsp;Uniwersytetu \u015al\u0105skiego, prezentuje zasoby zwi\u0105zane z&nbsp;kulturalnym dziedzictwem \u015al\u0105ska.<\/p>\n\n\n\n<p><a href=\"http:\/\/bc.dominikanie.pl\/dlibra\" target=\"_blank\" rel=\"noreferrer noopener\"><strong>Armarium \u2013 Dominika\u0144ska Biblioteka Cyfrowa<\/strong><\/a><strong><\/strong><\/p>\n\n\n\n<p>Biblioteka umo\u017cliwia dost\u0119p do&nbsp;zasob\u00f3w edukacyjnych, dziedzictwa kulturowego, regionali\u00f3w i&nbsp;muzykali\u00f3w<strong>.<\/strong><\/p>\n\n\n\n<p><a href=\"https:\/\/www.bibliotekacyfrowa.pl\/dlibra\" target=\"_blank\" rel=\"noreferrer noopener\"><strong>Biblioteka Cyfrowa Uniwersytetu Wroc\u0142awskiego<\/strong><\/a><strong><\/strong><\/p>\n\n\n\n<p>Zasoby Biblioteki Uniwersytetu Wroc\u0142awskiego zawieraj\u0105 m.in.&nbsp;cyfrowe kopie najcenniejszych zabytk\u00f3w kultury pi\u015bmienniczej, kolekcje dzie\u0142 sztuki oraz&nbsp;materia\u0142y regionalne.<\/p>\n\n\n\n<p><a href=\"https:\/\/cbj.jhi.pl\/\" target=\"_blank\" rel=\"noreferrer noopener\"><strong>Centralna Biblioteka Judaistyczna<\/strong><\/a><strong><\/strong><\/p>\n\n\n\n<p>Biblioteka prezentuje zbiory \u017bydowskiego Instytutu Historycznego w&nbsp;postaci cyfrowej.<\/p>\n\n\n\n<p><a href=\"http:\/\/jbc.jelenia-gora.pl\/dlibra\" target=\"_blank\" rel=\"noreferrer noopener\"><strong>Cyfrowy Dolny \u015al\u0105sk<\/strong><\/a><strong><\/strong><\/p>\n\n\n\n<p>Regionalne zasoby cyfrowe Dolno\u015bl\u0105skiej Biblioteki Publicznej we&nbsp;Wroc\u0142awiu i&nbsp;Jeleniog\u00f3rskiego Centrum Informacji i&nbsp;Edukacji Regionalnej \u2013 Ksi\u0105\u017cnicy Karkonoskiej w&nbsp;Jeleniej G\u00f3rze.<\/p>\n\n\n\n<p><a href=\"https:\/\/www.dbc.wroc.pl\/dlibra?language=pl\" target=\"_blank\" rel=\"noreferrer noopener\"><strong>Dolno\u015bl\u0105ska Biblioteka Cyfrowa<\/strong><\/a><strong><\/strong><\/p>\n\n\n\n<p>Zasoby cyfrowe Biblioteki Politechniki Wroc\u0142awskiej.<\/p>\n\n\n\n<p><a href=\"https:\/\/crispa.uw.edu.pl\/\" target=\"_blank\" rel=\"noreferrer noopener\"><strong>e-biblioteka Uniwersytetu Warszawskiego<\/strong><\/a><strong><\/strong><\/p>\n\n\n\n<p>Biblioteka cyfrowa Uniwersytetu Warszawskiego Crispa udost\u0119pnia wersje cyfrowe najcenniejszych zbior\u00f3w.<\/p>\n\n\n\n<p><a href=\"https:\/\/jbc.bj.uj.edu.pl\/dlibra\" target=\"_blank\" rel=\"noreferrer noopener\"><strong>Jagiello\u0144ska Biblioteka Cyfrowa<\/strong><\/a><strong><\/strong><\/p>\n\n\n\n<p>Biblioteka udost\u0119pnia zabezpieczone, poddane konserwacji i&nbsp;zdigitalizowane zbiory nale\u017c\u0105ce do&nbsp;Narodowego Zasobu Bibliotecznego (NZB).<\/p>\n\n\n\n<p><a href=\"http:\/\/mbc.malopolska.pl\/dlibra.html\" target=\"_blank\" rel=\"noreferrer noopener\"><strong>Ma\u0142opolska Biblioteka Cyfrowa<\/strong><\/a><strong><\/strong><\/p>\n\n\n\n<p>Biblioteka gromadzi i&nbsp;udost\u0119pnia dziedzictwo kulturowe Ma\u0142opolski (ksi\u0105\u017cki, czasopisma, dokumenty), zabytki kultury narodowej przechowywane w&nbsp;ma\u0142opolskich bibliotekach oraz&nbsp;publikacje z&nbsp;kolekcji ma\u0142opolskich tw\u00f3rc\u00f3w i&nbsp;instytucji. W&nbsp;wyborze dost\u0119pny jest zas\u00f3b edukacyjny, publikacje naukowe oraz&nbsp;informacja biznesowa i&nbsp;urz\u0119dowa.<\/p>\n\n\n\n<p><a href=\"https:\/\/obc.opole.pl\/dlibra?language=pl\" target=\"_blank\" rel=\"noreferrer noopener\"><strong>Opolska Biblioteka Cyfrowa<\/strong><\/a><strong><\/strong><\/p>\n\n\n\n<p>Zasoby Wojew\u00f3dzkiej Biblioteki Publicznej w&nbsp;Opolu, na&nbsp;kt\u00f3re sk\u0142adaj\u0105 si\u0119 zbiory dziedzictwa kulturowego, regionalia i&nbsp;zbiory wsp\u00f3\u0142czesne.<\/p>\n\n\n\n<p><a href=\"https:\/\/polona.pl\/\" target=\"_blank\" rel=\"noreferrer noopener\"><strong>Polona<\/strong><\/a><strong><\/strong><\/p>\n\n\n\n<p>Polska biblioteka cyfrowa udost\u0119pnia zdigitalizowane ksi\u0105\u017cki, czasopisma, grafiki, mapy, muzykalia, druki ulotne oraz&nbsp;r\u0119kopisy pochodz\u0105ce ze&nbsp;zbior\u00f3w Biblioteki Narodowej oraz&nbsp;instytucji wsp\u00f3\u0142pracuj\u0105cych.<\/p>\n\n\n\n<p><a href=\"http:\/\/pbc.uw.edu.pl\/\" target=\"_blank\" rel=\"noreferrer noopener\"><strong>Polonijna Biblioteka Cyfrowa<\/strong><\/a><strong><\/strong><\/p>\n\n\n\n<p>Biblioteka udost\u0119pnia szeroki zestaw unikatowych dokument\u00f3w wraz z&nbsp;publikacjami wprowadzaj\u0105cymi w&nbsp;tematyk\u0119 Polonii.<\/p>\n\n\n\n<p><a href=\"http:\/\/pldml.icm.edu.pl\/pldml\/search\/article.action?cid=7703951b-832a-4216-b052-28757e74c351\" target=\"_blank\" rel=\"noreferrer noopener\"><strong>Polska Matematyczna Biblioteka Cyfrowa<\/strong><\/a><strong><\/strong><\/p>\n\n\n\n<p>Biblioteka udost\u0119pniana pe\u0142ne teksty polskich czasopism i&nbsp;ksi\u0105\u017cek matematycznych lub zwi\u0105zanych z&nbsp;matematyk\u0105. Du\u017c\u0105 cz\u0119\u015b\u0107 kolekcji stanowi\u0105 archiwalne numery czasopism matematycznych. Mo\u017cna w\u015br\u00f3d nich znale\u017a\u0107 historyczne ju\u017c prace Stefana Banacha i&nbsp;innych s\u0142ynnych matematyk\u00f3w zwi\u0105zanych z&nbsp;przedwojenn\u0105 Polsk\u0105 Szko\u0142\u0105 Matematyczn\u0105. W&nbsp;sk\u0142ad biblioteki wchodz\u0105 r\u00f3wnie\u017c czasopisma, kt\u00f3re ju\u017c si\u0119 nie&nbsp;ukazuj\u0105; najstarszy dost\u0119pny tom zosta\u0142 wydany w&nbsp;1888 roku.<\/p>\n\n\n\n<p><a href=\"https:\/\/www.wbc.poznan.pl\/dlibra\" target=\"_blank\" rel=\"noreferrer noopener\"><strong>Wielkopolska Biblioteka Cyfrowa<\/strong><\/a><strong><\/strong><\/p>\n\n\n\n<p>Biblioteka, na&nbsp;kt\u00f3rej&nbsp;zbi\u00f3r sk\u0142adaj\u0105 si\u0119 obiekty z&nbsp;bibliotek naukowych i&nbsp;publicznych Poznania, udost\u0119pnia cztery typy zasob\u00f3w: edukacyjny, dziedzictwa kulturowego, regionalia i&nbsp;muzykalia.<\/p>\n\n\n\n<p><a href=\"https:\/\/pbc.gda.pl\/dlibra\" target=\"_blank\" rel=\"noreferrer noopener\"><strong>Pomorska Biblioteka Cyfrowa<\/strong><\/a><strong><\/strong><\/p>\n\n\n\n<p>Udost\u0119pnia zbiory dotyczcie g\u0142\u00f3wnie historii miasta Gda\u0144ska, Gdyni, zbior\u00f3w kaszubskich, dokument\u00f3w \u017cycia spo\u0142ecznego, zabytkowych zbior\u00f3w kartograficznych.<\/p>\n\n\n\n<p><a href=\"http:\/\/www.wbi.budmedia.pl\/index.html\" target=\"_blank\" rel=\"noreferrer noopener\"><strong>Wirtualna Biblioteka In\u017cyniera\u00ae<\/strong><\/a><strong><\/strong><\/p>\n\n\n\n<p>Niekomercyjny internetowy portal bran\u017cowy udost\u0119pniaj\u0105cy informacje w&nbsp;postaci opracowa\u0144, referat\u00f3w i&nbsp;innych publikacji przekazanych nieodp\u0142atnie przez&nbsp;autor\u00f3w dla \u015brodowiska in\u017cynierskiego.<\/p>\n\n\n\n<p><strong>Biblioteki cyfrowe na \u015bwiecie<\/strong><\/p>\n\n\n\n<ul class=\"wp-block-list\">\n<li><a href=\"http:\/\/germanstories.vcu.edu\/\">19th-century German Stories<\/a><\/li>\n\n\n\n<li><a href=\"http:\/\/abu.cnam.fr\/\">ABU \u2013&nbsp;laBiblioth\u00e8que Universelle<\/a><\/li>\n\n\n\n<li><a href=\"http:\/\/alexandria.ucsb.edu\/\">Alexandria Digital Research Library<\/a><\/li>\n\n\n\n<li><a href=\"http:\/\/memory.loc.gov\/ammem\/index.html\">American Memory<\/a><\/li>\n\n\n\n<li><a href=\"http:\/\/adl2.kb.dk\/\">Arkiv for Dansk Litteratur<\/a><\/li>\n\n\n\n<li><a href=\"http:\/\/athena.unige.ch\/athena\/\">Athena<\/a><\/li>\n\n\n\n<li><a href=\"http:\/\/literature.at\/\">Australina Literature Online<\/a><\/li>\n\n\n\n<li><a href=\"http:\/\/bartleby.com\/\">Bartleby<\/a><\/li>\n\n\n\n<li><a href=\"http:\/\/www.hs-augsburg.de\/~harsch\/augustana.html\">Bibliotheca Augustana<\/a><\/li>\n\n\n\n<li><a href=\"http:\/\/bne.es\/es\/Catalogos\/BibliotecaDigitalHispanica\/Inicio\/index.html\">Biblioteca Digital Hisp\u00e1nica<\/a><\/li>\n\n\n\n<li><a href=\"http:\/\/purl.pt\/index\/geral\/PT\/index.html\">Biblioteca Nacional De Portugal Digital<\/a><\/li>\n\n\n\n<li><a href=\"http:\/\/www.banq.qc.ca\/accueil\/index.html?bnq_langue=fr\">Biblioth\u00e8que et Archives nationales du Qu\u00e9bec<\/a><\/li>\n\n\n\n<li><a href=\"https:\/\/www.biodiversitylibrary.org\/\">Biodiversity Heritage Library<\/a><\/li>\n\n\n\n<li><a href=\"http:\/\/bplonline.org\/resources\/Digital_Project\">Birmingham Public Library Digital Collections<\/a><\/li>\n\n\n\n<li><a href=\"http:\/\/british-history.ac.uk\/\">British History Online<\/a><\/li>\n\n\n\n<li><a href=\"http:\/\/cfmemory.org\/\">Central Florida Memory<\/a><\/li>\n\n\n\n<li><a href=\"http:\/\/cervantes.bne.es\/\">Cervantes en la BNE<\/a><\/li>\n\n\n\n<li><a href=\"http:\/\/ctext.org\/\">Chinese Text Project<\/a><\/li>\n\n\n\n<li><a href=\"http:\/\/psychclassics.yorku.ca\/\">Classics in the History of Psychology<\/a><\/li>\n\n\n\n<li><a href=\"http:\/\/darwin-online.org.uk\/\">Darwin Online<\/a><\/li>\n\n\n\n<li><a href=\"http:\/\/delpher.nl\/\">Delpher Digar<\/a><\/li>\n\n\n\n<li><a href=\"http:\/\/digar.ee\/arhiiv\">Digital Archive<\/a><\/li>\n\n\n\n<li><a href=\"http:\/\/digi.kansalliskirjasto.fi\/\">Digi \u2013 Kansalliskirjaston digitoidut aineistot<\/a><\/li>\n\n\n\n<li><a href=\"http:\/\/digital.bodleian.ox.ac.uk\/\">Digital Bodleian Library<\/a><\/li>\n\n\n\n<li><a href=\"http:\/\/lnb.lv\/en\/resources\/digital-library\">Digital Library National Library of Lativia<\/a><\/li>\n\n\n\n<li><a href=\"http:\/\/dlg.galileo.usg.edu\/\">Digital Library of Georgia<\/a><\/li>\n\n\n\n<li><a href=\"http:\/\/www.dli.ernet.in\/\">Digital Library of India<\/a><\/li>\n\n\n\n<li><a href=\"http:\/\/dlib.si\/\">Digital Library of Slovenia<\/a><\/li>\n\n\n\n<li><a href=\"http:\/\/dsal.uchicago.edu\/books\">Digital South Asia Library<\/a><\/li>\n\n\n\n<li><a href=\"http:\/\/db.nsk.hr\/\">Digitalizirana ba\u0161tina<\/a><\/li>\n\n\n\n<li><a href=\"http:\/\/e-corpus.hypotheses.org\/\">E-corpus<\/a><\/li>\n\n\n\n<li><a href=\"http:\/\/ebooks.adelaide.edu.au\/\">eBooks@Adelaide<\/a><\/li>\n\n\n\n<li><a href=\"http:\/\/www.eumed.net\/libros\/\">Eumed<\/a><\/li>\n\n\n\n<li><a href=\"http:\/\/epaveldas.lt\/home\">ePaveldas<\/a><\/li>\n\n\n\n<li><a href=\"http:\/\/europeana.eu\/\">Europeana<\/a><\/li>\n\n\n\n<li><a href=\"http:\/\/books.google.com\/\">Google Books<\/a><\/li>\n\n\n\n<li><a href=\"http:\/\/gallica.bnf.fr\/\">Gallica<\/a><\/li>\n\n\n\n<li><a href=\"http:\/\/library.duke.edu\/digitalcollections\/hasm\">Historic American Sheet Music<\/a><\/li>\n\n\n\n<li><a href=\"http:\/\/costume.osu.edu\/\">Historic Costume &amp; Textiles Collection<\/a><\/li>\n\n\n\n<li><a href=\"http:\/\/hrcak.srce.hr\/\">Hr\u010dak<\/a><\/li>\n\n\n\n<li><a href=\"http:\/\/en.childrenslibrary.org\/\">International Children\u2019s Digital Library<\/a><\/li>\n\n\n\n<li><a href=\"http:\/\/archive.org\/\">Internet Archive<\/a><\/li>\n\n\n\n<li><a href=\"http:\/\/archive.org\/web\">Internet Archive Wayback Machine<\/a><\/li>\n\n\n\n<li><a href=\"http:\/\/www.bodley.ox.ac.uk\/ilej\/\">Internet Library of Early Journals<\/a><\/li>\n\n\n\n<li><a href=\"http:\/\/www.intratext.com\/\">Intra Text<\/a><\/li>\n\n\n\n<li><a href=\"http:\/\/kb.nl\/en\">Koninklijke Bibliotheek<\/a><\/li>\n\n\n\n<li><a href=\"http:\/\/kramerius.nkp.cz\/\">Kramerius \u2013 Digital Library of Czech Books and Periodicals<\/a><\/li>\n\n\n\n<li><a href=\"https:\/\/librivox.org\/\">Libri Vox<\/a><\/li>\n\n\n\n<li><a href=\"http:\/\/loc.gov\/library\/libarch-digital.html\">Library of Congress Digital Collection<\/a><\/li>\n\n\n\n<li><a href=\"http:\/\/manuscriptorium.com\/\">Manuscriptorium \u2013 Digital Library of Written Cultural Heritage<\/a><\/li>\n\n\n\n<li><a href=\"http:\/\/www.memoriachilena.cl\/602\/w3-channel.html\">Memoria Chilena<\/a><\/li>\n\n\n\n<li><a href=\"http:\/\/geheugenvannederland.nl\/?\/en\/paginas\/over_het_geheugen\">Memory of the Netherlands<\/a><\/li>\n\n\n\n<li><a href=\"https:\/\/www.metamorfoze.nl\/\">Metamorfoze<\/a><\/li>\n\n\n\n<li><a href=\"http:\/\/sos.mo.gov\/mdh\">Missouri Digital Heritage<\/a><\/li>\n\n\n\n<li><a href=\"http:\/\/muenchener-digitalisierungszentrum.de\/\">M\u00fcnchener DigitalisierungsZentrum Digitale Bibliothek<\/a><\/li>\n\n\n\n<li><a href=\"http:\/\/collections.nlm.nih.gov\/\">National Library of Medicine Digital Collections<\/a><\/li>\n\n\n\n<li><a href=\"http:\/\/bl.uk\/onlinegallery\">Online Gallery<\/a><\/li>\n\n\n\n<li><a href=\"http:\/\/openlibrary.org\/\">Open Library<\/a><\/li>\n\n\n\n<li><a href=\"http:\/\/bdh-rd.bne.es\/\">Pandora \u2013 Biblioteca Digital Hispanica<\/a><\/li>\n\n\n\n<li><a href=\"http:\/\/www.perseus.tufts.edu\/hopper\/\">Perseus Digital Library<\/a><\/li>\n\n\n\n<li><a href=\"http:\/\/www.planetebook.com\/\">Planet eBook<\/a><\/li>\n\n\n\n<li><a href=\"http:\/\/gutenberg.org\/\">Project Gutenberg<\/a><\/li>\n\n\n\n<li><a href=\"http:\/\/gutenberg.net.au\/\">Project Gutenberg Australia<\/a><\/li>\n\n\n\n<li><a href=\"http:\/\/gutenberg.spiegel.de\/\">Projekt Gutenberg-DE<\/a><\/li>\n\n\n\n<li><a href=\"http:\/\/runeberg.org\/\">Project Runberg<\/a><\/li>\n\n\n\n<li><a href=\"http:\/\/rarebookroom.org\/\">Rare Book Room<\/a><\/li>\n\n\n\n<li><a href=\"http:\/\/rijksmuseum.nl\/en\/explore-the-collection\">Rijksmuseum Collection<\/a><\/li>\n\n\n\n<li><a href=\"http:\/\/qdl.qa\/en\">Quatar Digital Library<\/a><\/li>\n\n\n\n<li><a href=\"http:\/\/einsteinpapers.press.princeton.edu\/\">The Collected Papers of Albert Einstein<\/a><\/li>\n\n\n\n<li><a href=\"http:\/\/shakespeare.mit.edu\/\">The Complete Works of William Shakespeare<\/a><\/li>\n\n\n\n<li><a href=\"http:\/\/thedigitalbrainlibrary.org\/\">The Digital Brain Library<\/a><\/li>\n\n\n\n<li><a href=\"http:\/\/digital.lib.ecu.edu\/\">The Digital Collections of East Carolina University<\/a><\/li>\n\n\n\n<li><a href=\"http:\/\/hti.umich.edu\/\">The Humanities Text Initiative<\/a><\/li>\n\n\n\n<li><a href=\"http:\/\/bnk.institutkurde.org\/?l=en\">The Kurdish Digital Library<\/a><\/li>\n\n\n\n<li><a href=\"http:\/\/digitalcollections.nypl.org\/\">The New York Public Library Digital Collections<\/a><\/li>\n\n\n\n<li><a href=\"http:\/\/onlinebooks.library.upenn.edu\/\">The Online Books Page<\/a><\/li>\n\n\n\n<li><a href=\"http:\/\/omacl.org\/\">The OnlineMedieval &amp; Classical Library<\/a><\/li>\n\n\n\n<li><a href=\"http:\/\/www.oscarwildecollection.com\/\">The Oscar Wilde Collection<\/a><\/li>\n\n\n\n<li><a href=\"http:\/\/www.ulib.org\/\">The Universal Digital Library<\/a><\/li>\n\n\n\n<li><a href=\"http:\/\/timarit.is\/search_init.jsp?lang=en\">Timarit National and University Library of Iceland<\/a><\/li>\n\n\n\n<li><a href=\"http:\/\/webarchive.org.uk\/\">UK Web Archive<\/a><\/li>\n\n\n\n<li><a href=\"http:\/\/ufdc.ufl.edu\/\">University of Florida Digital Library<\/a><\/li>\n\n\n\n<li><a href=\"http:\/\/merrick.library.miami.edu\/index.php\">University of Miami Libraries Digital Collections<\/a><\/li>\n\n\n\n<li><a href=\"http:\/\/www.nlb-hannover.de\/Leibniz\/Leibnizarchiv\/Veroeffentlichungen\/\">Ver\u00f6ffentlichungen des Leibniz-Archivs<\/a><\/li>\n\n\n\n<li><a href=\"http:\/\/loc.gov\/websites\/collections\">Web Site Archiving<\/a><\/li>\n\n\n\n<li><a href=\"http:\/\/menus.nypl.org\/\">What\u2019s on the menu?<\/a><\/li>\n\n\n\n<li><a href=\"http:\/\/wdl.org\/en\">World Digital Library<\/a><\/li>\n\n\n\n<li><a href=\"http:\/\/worldlibrary.net\/Home\">World Public Library<\/a><\/li>\n\n\n\n<li><a href=\"http:\/\/digital.vatlib.it\/\">Vatican Library Digitalization Project \u2013 Biblioteca Apostolica Vaticana<\/a><\/li>\n<\/ul>\n\n\n\n<p><strong>&nbsp;&nbsp;&nbsp;&nbsp;&nbsp;&nbsp;&nbsp;&nbsp;&nbsp;&nbsp;&nbsp;&nbsp;&nbsp;&nbsp;&nbsp;&nbsp;&nbsp;&nbsp;&nbsp;&nbsp;&nbsp;&nbsp;&nbsp;&nbsp; WOLNY DOST\u0118P, BIBLIOTEKI CYFROWE<\/strong><strong><br><\/strong><br><a href=\"http:\/\/wolnelektury.pl\/\" target=\"_blank\" rel=\"noreferrer noopener\"><strong>WolneLektury.pl<\/strong><\/a><br><a href=\"https:\/\/wolnelektury.pl\/\" target=\"_blank\" rel=\"noreferrer noopener\"><strong>https:\/\/wolnelektury.pl\/<\/strong><\/a><br><br>Znana i lubiana, ca\u0142kowicie darmowa biblioteka cyfrowa zawieraj\u0105ca ponad 5500 tytu\u0142\u00f3w, w tym wiele szkolnych lektur. Ebooki s\u0105 dost\u0119pne w wielu formatach, w tym na czytniki. Serwis zawiera tak\u017ce audiobooki. Wszystko dost\u0119pne jest za pomoc\u0105 wygodnej, darmowej aplikacji (smartfony Android i iPhone). Projekt fundacji Nowoczesna Polska.<br><br><a href=\"http:\/\/lektury.gov.pl\/\" target=\"_blank\" rel=\"noreferrer noopener\"><strong>Lektury.gov.pl<\/strong><\/a><br><a href=\"https:\/\/lektury.gov.pl\/\" target=\"_blank\" rel=\"noreferrer noopener\"><strong>https:\/\/lektury.gov.pl\/<\/strong><\/a><br>Serwis zawiera wiele szkolnych lektur wraz z ich wykazem oraz opisami. Ksi\u0105\u017cki s\u0105 dost\u0119pne online oraz do pobrania w wielu formatach, tak\u017ce na czytniki. Projekt realizowany w ramach Og\u00f3lnopolskiej Sieci Edukacyjnej.<br><br><a href=\"http:\/\/chmuraczytania.pl\/\" target=\"_blank\" rel=\"noreferrer noopener\"><strong>ChmuraCzytania.pl<\/strong><\/a><br><a href=\"http:\/\/chmuraczytania.pl\/\" target=\"_blank\" rel=\"noreferrer noopener\"><strong>http:\/\/chmuraczytania.pl\/<\/strong><\/a><br><br>Chmura Czytania zawiera ciekawe ksi\u0105\u017cki polskich i zagranicznych autor\u00f3w,&nbsp;<a href=\"http:\/\/m.in\/\" target=\"_blank\" rel=\"noreferrer noopener\"><strong>m.in<\/strong><\/a>. Conrada, Kafki czy Czechowa. Nie wymaga logowania.<br><br><br><a href=\"http:\/\/polona.pl\/\" target=\"_blank\" rel=\"noreferrer noopener\"><strong>Polona.pl<\/strong><\/a><br><a href=\"https:\/\/polona.pl\/\" target=\"_blank\" rel=\"noreferrer noopener\"><strong>https:\/\/polona.pl\/<\/strong><\/a><br><br>Najwi\u0119ksza w Polsce biblioteka cyfrowa. Zawiera stare ksi\u0105\u017cki oraz inne zdigitalizowane zbiory. Wi\u0119kszo\u015b\u0107 z nich nale\u017cy do domeny publicznej, wi\u0119c s\u0105 darmowe.<br><br>OFERTY FIRM<br><br><br><br>Publio \u2013 darmowe ebooki<br><a href=\"https:\/\/www.pepper.pl\/promocje\/darmowe-e-booki-od-publio-143092\" target=\"_blank\" rel=\"noreferrer noopener\"><strong>https:\/\/www.pepper.pl\/promocje\/darmowe-e-booki-od-publio-143092<\/strong><\/a><br>Publio to ksi\u0119garnia internetowa. Oferuje ponad 100 ebook\u00f3w za darmo. Jednak s\u0105 to g\u0142\u00f3wnie lektury nale\u017c\u0105ce do domeny publicznej i poradniki.<br><br>Nexto<br><br>Ksi\u0119garnia Nexto oferuje oko\u0142o 100 darmowych ebook\u00f3w, z kt\u00f3rych wi\u0119kszo\u015b\u0107 to poradniki, lektury i podr\u0119czniki.<br>Audiobooki<br><br><a href=\"http:\/\/polska-poezja.pl\/\" target=\"_blank\" rel=\"noreferrer noopener\"><strong>Polska-Poezja.pl<\/strong><\/a><br><a href=\"https:\/\/polska-poezja.pl\/\" target=\"_blank\" rel=\"noreferrer noopener\"><strong>https:\/\/polska-poezja.pl\/<\/strong><\/a><br><br>Serwis oferuje klasyk\u0119 polskiej poezji czytan\u0105 przez znanych polskich aktor\u00f3w. Za darmo, w serwisie YouTube.<br><br>Spotify<br><br>Spotify to serwis umo\u017cliwiaj\u0105cy s\u0142uchanie nieprzebranej liczby piosenek, audycji, podcast\u00f3w itp. W wersji p\u0142atnej oferuje oczywi\u015bcie znacznie wi\u0119cej, jednak tak\u017ce wersja bezp\u0142atna uprawnia do du\u017cego wyboru bajek, legend i opowiada\u0144 dla dzieci. Wymaga rejestracji. Aplikacja jest dost\u0119pna na urz\u0105dzeniach mobilnych i komputerach.<br><br><\/p>\n\n\n\n<p><a href=\"https:\/\/www.sbc.org.pl\/dlibra\" target=\"_blank\" rel=\"noreferrer noopener\"><strong>https:\/\/www.sbc.org.pl\/dlibra<\/strong><\/a><br><a href=\"https:\/\/fbc.pionier.net.pl\/\" target=\"_blank\" rel=\"noreferrer noopener\"><strong>https:\/\/fbc.pionier.net.pl\/<\/strong><\/a><br><a href=\"https:\/\/wolnelektury.pl\/katalog\/\" target=\"_blank\" rel=\"noreferrer noopener\"><strong>https:\/\/wolnelektury.pl\/katalog\/<\/strong><\/a><br><a href=\"https:\/\/lektury.gov.pl\/\" target=\"_blank\" rel=\"noreferrer noopener\"><strong>https:\/\/lektury.gov.pl\/<\/strong><\/a><br><a href=\"https:\/\/www.legimi.pl\/lektury\/\" target=\"_blank\" rel=\"noreferrer noopener\"><strong>https:\/\/www.legimi.pl\/lektury\/<\/strong><\/a><br><a href=\"https:\/\/www.sosrodzice.pl\/lektury-online-teraz-dla-wszystkich-darmo\/\" target=\"_blank\" rel=\"noreferrer noopener\"><strong>https:\/\/www.sosrodzice.pl\/lektury-online-teraz-dla-wszystkich-darmo\/<\/strong><\/a><\/p>\n\n\n\n<figure class=\"wp-block-embed\"><div class=\"wp-block-embed__wrapper\">\nhttps:\/\/kulturadostepna.pl\/on-line\/wirtualne-muzea\n<\/div><\/figure>\n\n\n\n<p>E-booki i<\/p>\n\n\n\n<figure class=\"wp-block-embed\"><div class=\"wp-block-embed__wrapper\">\nhttps:\/\/woblink.com\/katalog\/ebooki\/darmowe\n<\/div><\/figure>\n\n\n\n<p>http:\/\/www.chmuraczytania.pl\/<\/p>\n\n\n\n<p><a href=\"https:\/\/polska-poezja.pl\/lista-wierszy\"><strong>Polska-Poezja.pl<\/strong><\/a><\/p>\n\n\n\n<figure class=\"wp-block-table\"><table><thead><tr><td>Materia\u0142y dydaktyczne<\/td><\/tr><tr><td>Wydawca<\/td><td>Link<\/td><\/tr><\/thead><tbody><tr><td>Cambridge University Press<\/td><td><a href=\"https:\/\/www.cambridge.org\/elt\/blog\/\"><strong>https:\/\/www.cambridge.org\/elt\/blog\/<\/strong><\/a><\/td><\/tr><tr><td>Gda\u0144skie Wydawnictwo O\u015bwiatowe<\/td><td><a href=\"http:\/\/www.uczezdalnie.gwo.pl\/\"><strong>http:\/\/www.uczezdalnie.gwo.pl\/<\/strong><\/a><\/td><\/tr><tr><td>Grupa MAC S.A.<\/td><td><a href=\"https:\/\/www.mac.pl\/publikacje\"><strong>https:\/\/www.mac.pl\/publikacje<\/strong><\/a><\/td><\/tr><tr><td>Klett Polska<\/td><td><a href=\"http:\/\/www.dzwonek.pl\/Klett\"><strong>www.dzwonek.pl\/Klett<\/strong><\/a><\/td><\/tr><tr><td>Macmillan<\/td><td><a href=\"https:\/\/anglistaonline.macmillan.pl\/\"><strong>https:\/\/anglistaonline.macmillan.pl\/<\/strong><\/a><\/td><\/tr><tr><td>Nowa Era<\/td><td><a href=\"https:\/\/www.nowaera.pl\/naukazdalna\"><strong>https:\/\/www.nowaera.pl\/naukazdalna<\/strong><\/a><\/td><\/tr><tr><td>Oxford University Press&nbsp;&nbsp; &nbsp;&nbsp;&nbsp;&nbsp;<\/td><td><a href=\"http:\/\/www.oup.com\/elt\/learnathome\"><strong>www.oup.com\/elt\/learnathome<\/strong><\/a><\/td><\/tr><tr><td>Pearson<\/td><td><a href=\"https:\/\/www.pearson.pl\/jezyk-angielski\/domowa-szkola\/\"><strong>https:\/\/www.pearson.pl\/jezyk-angielski\/domowa-szkola\/<\/strong><\/a><\/td><\/tr><tr><td>PWN Wydawnictwo Szkolne<\/td><td><a href=\"http:\/\/www.akademia.pwn.pl\/\"><strong>www.akademia.pwn.pl<\/strong><\/a><\/td><\/tr><tr><td>Wydawnictwa Szkolne i Pedagogiczne SA<\/td><td><a href=\"https:\/\/www.wsip.pl\/pomagamy-w-nauce-z-domu\/\"><strong>https:\/\/www.wsip.pl\/pomagamy-w-nauce-z-domu\/<\/strong><\/a><\/td><\/tr><tr><td>Wydawnictwo Pedagogiczne OPERON<\/td><td><a href=\"https:\/\/operon.pl\/edukacjazdalna\"><strong>https:\/\/operon.pl\/edukacjazdalna<\/strong><\/a><\/td><\/tr><tr><td>Migra<\/td><td><a href=\"https:\/\/dlaucznia.migra.pl\/\"><strong>https:\/\/dlaucznia.migra.pl\/<\/strong><\/a><\/td><\/tr><\/tbody><\/table><\/figure>\n\n\n\n<p><strong>Opracowania lektur i wierszy<\/strong><\/p>\n\n\n\n<ul class=\"wp-block-list\">\n<li><a href=\"https:\/\/klp.pl\/\">Kultura Polska<\/a><\/li>\n\n\n\n<li><a href=\"https:\/\/opracowania.pl\/opracowania\/liceum\/jezyk-polski\">Opracowania do liceum<\/a><\/li>\n\n\n\n<li><a href=\"https:\/\/wolnelektury.pl\/\">Opracowania<\/a><\/li>\n<\/ul>\n","protected":false},"excerpt":{"rendered":"<p>Federacja Bibliotek Cyfrowych Strona, kt\u00f3rej&nbsp;podstawowym celem jest gromadzenie, przetwarzanie i&nbsp;udost\u0119pnianie informacji online o&nbsp;zbiorach polskich instytucji nauki i&nbsp;kultury. \u015al\u0105ska Biblioteka Cyfrowa Biblioteka, powsta\u0142a na&nbsp;mocy porozumienia Biblioteki&hellip;<\/p>\n","protected":false},"author":1,"featured_media":0,"parent":0,"menu_order":0,"comment_status":"closed","ping_status":"closed","template":"","meta":{"footnotes":""},"class_list":["post-577","page","type-page","status-publish","hentry"],"_links":{"self":[{"href":"https:\/\/lukasinski.dg.pl\/index.php?rest_route=\/wp\/v2\/pages\/577","targetHints":{"allow":["GET"]}}],"collection":[{"href":"https:\/\/lukasinski.dg.pl\/index.php?rest_route=\/wp\/v2\/pages"}],"about":[{"href":"https:\/\/lukasinski.dg.pl\/index.php?rest_route=\/wp\/v2\/types\/page"}],"author":[{"embeddable":true,"href":"https:\/\/lukasinski.dg.pl\/index.php?rest_route=\/wp\/v2\/users\/1"}],"replies":[{"embeddable":true,"href":"https:\/\/lukasinski.dg.pl\/index.php?rest_route=%2Fwp%2Fv2%2Fcomments&post=577"}],"version-history":[{"count":2,"href":"https:\/\/lukasinski.dg.pl\/index.php?rest_route=\/wp\/v2\/pages\/577\/revisions"}],"predecessor-version":[{"id":594,"href":"https:\/\/lukasinski.dg.pl\/index.php?rest_route=\/wp\/v2\/pages\/577\/revisions\/594"}],"wp:attachment":[{"href":"https:\/\/lukasinski.dg.pl\/index.php?rest_route=%2Fwp%2Fv2%2Fmedia&parent=577"}],"curies":[{"name":"wp","href":"https:\/\/api.w.org\/{rel}","templated":true}]}}