{"id":59,"date":"2023-09-23T16:57:26","date_gmt":"2023-09-23T14:57:26","guid":{"rendered":"http:\/\/lukasinski.dg.pl\/?page_id=59"},"modified":"2024-05-10T13:57:58","modified_gmt":"2024-05-10T11:57:58","slug":"podroze-z-lukasiakiem","status":"publish","type":"page","link":"https:\/\/lukasinski.dg.pl\/?page_id=59","title":{"rendered":"Podr\u00f3\u017ce z \u0141ukasiakiem"},"content":{"rendered":"\n<p class=\"has-text-align-center\">\u0141UKASIAKA PODR\u00d3\u017bE MA\u0141E I DU\u017bE &#8211; <img decoding=\"async\" width=\"20\" src=\"https:\/\/statics.teams.cdn.office.net\/evergreen-assets\/personal-expressions\/v2\/assets\/emoticons\/smile\/default\/30_f.png?v=v82\" alt=\"\ud83d\ude42\">\u00a0I LO w D\u0105browie to nie tylko nauka w szkolnych murach. To r\u00f3wnie\u017c ciekawie sp\u0119dzony czas oraz poszerzanie horyzont\u00f3w dzi\u0119ki szkolnym wycieczkom, nie tylko krajowym, ale i zagranicznym. Ka\u017cdy ucze\u0144 mo\u017ce tu znale\u017a\u0107 co\u015b dla siebie. J\u015bli lubisz kr\u00f3tkie wypady, nie tylko w Polsk\u0119, to mo\u017cesz z nami wzi\u0105\u0107 udzia\u0142 w takich wycieczkach jak 'citibreaki&#8221; w Londynie, Pary\u017cu, czy Wiedniu. Dla mi\u0142o\u015bnik\u00f3w bardziej &#8222;offroadowych&#8221; eskapad, takich poza ubitym szlakiem, mamy r\u00f3wniez co\u015b do zaoferowania. \u0141ukasiak kocha podr\u00f3\u017ce, bo wierzymy, \u017ce jest to jedna z njlepszych form zdobywania wiedzy, zawierania przyja\u017ani i szlifowania j\u0119zyka obcego w praktyce. W roku szkolnym 2023\/2024 konsekwentnie realizujemy nasz program.<\/p>\n\n\n\n<hr class=\"wp-block-separator has-alpha-channel-opacity\"\/>\n\n\n\n<p>Ju\u017c we <strong>wrze\u015bniu 2023 odby\u0142a si\u0119 pierwsza z dw\u00f3ch wycieczek do Stan\u00f3w Zjednoczonych.<\/strong> Uczniowie eksplorowali wschodnie wybrze\u017ce Ameryki P\u00f3\u0142nocnej a\u017c po Wodospad Niagara. Oto kr\u00f3tkie zapiski z tej podr\u00f3\u017cy. <\/p>\n\n\n\n<hr class=\"wp-block-separator has-alpha-channel-opacity\"\/>\n\n\n\n<p class=\"has-text-align-center\">Rok 2023\/2024 to tak\u017ce plan na odkrywanie Wysp brytyjskich w zupe\u0142nie nowym wymiarze. Londyn to ju\u017c dla nas za ma\u0142o \ud83d\ude42 W zwi\u0105zku z tym w pa\u017adzierniku 2023 wyruszyli\u015bmy promem z Amsterdamu do Newcastle, a stamt\u0105d dalej na pi\u0119kne obszary Szkocji. Podziwiali\u015bmy architektur\u0119 Mrlose, Stirling i Edynburga, a tak\u017ce, a mo\u017ce przede wszystkim przemierzyli\u015bmy spore tereny surowego regionu Highlands, i nie ma chyba takiego rodzaju pogody, kt\u00f3rego by\u015bmy tam nie do\u015bwiadczyli <img decoding=\"async\" width=\"20\" src=\"https:\/\/statics.teams.cdn.office.net\/evergreen-assets\/personal-expressions\/v2\/assets\/emoticons\/smile\/default\/30_f.png?v=v82\" alt=\"\ud83d\ude42\">Wyprawa by\u0142a tak niesamowita, i\u017c wiemy, \u017ce z pewno\u015bci\u0105 kiedy\u015b tam wr\u00f3cimy.<br><a href=\"https:\/\/www.facebook.com\/story.php?story_fbid=864765141847138&amp;id=100049409814727&amp;rdid=DaGiEHqomESjS6my\">Zobacz relacj\u0119<\/a><\/p>\n\n\n\n<hr class=\"wp-block-separator has-alpha-channel-opacity\"\/>\n\n\n\n<p class=\"has-text-align-center\">Nasz\u0105 przygod\u0119 z Wielk\u0105 Brytani\u0105 kontynuujemy nadal. W kwietniu 2024 odbylismy d\u0142uga wypraw\u0119 na zach\u00f3d od Londynu a\u017c po sam koniec cypla &#8222;Land&#8217;s End&#8221;. Przemierzyli\u015bmy Susex, Exeter, Deon i Kornwali\u0119. By\u0142o sporo wedr\u00f3wek po kifach i wrzosowiskach, ruinach zamk\u00f3w i marinach, ale tez po ma\u0142ych miasteczkach z ich majestatycznymi katedrami. Mi\u0142onicy klmiatu legend arturia\u0144skich, Narnii, Tolkiena, ale te\u017c kryminalnych historii z Herculesem Poirotem w tle mogli tu znale\u0107 co\u015b dla siebie. Wi\u0119cej informacji znajdziecie w reporta\u017cu uczestniczki wyprawy, uczennicy klasy 3b, Amelii Mielnik oraz <a href=\"https:\/\/www.facebook.com\/watch\/?v=1472042217056794&amp;rdid=Z4FFuWnkak3WU1wx\">tutaj<\/a>, <a href=\"https:\/\/www.facebook.com\/watch\/?v=1086833819084341&amp;rdid=i48NUoyyfFRuaC1o\">tutaj <\/a>i <a href=\"https:\/\/www.facebook.com\/watch\/?v=854923803110116&amp;rdid=z3OY5zEaeqomfUOy\">tutaj<\/a>.<\/p>\n\n\n\n<p><strong>\u00a0Relacja by Amelia Mielnk<\/strong><br>W pierwszym dniu wycieczki po zej\u015bciu z promu zwiedzili\u015bmy Londyn. Zacz\u0119li\u015bmy od stacji metra \u201cVictoria\u201d w Westminster, gdzie mieli\u015bmy chwil\u0119 na odpoczynek po d\u0142ugiej podr\u00f3\u017cy. Id\u0105c dalej wst\u0105pili\u015bmy do Westminsterskiej Katedry i ruszyli\u015bmy zwiedza\u0107 dalej. Po chwili marszu dotarli\u015bmy pod Brytyjski Parlament , gdzie dzi\u0119ki sprzyjaj\u0105cej pogodzie i korzystnym \u015bwietle mieli\u015bmy okazj\u0119 zrobi\u0107 wiele ciekawych zdj\u0119\u0107, mi\u0119dzy innymi w Ogrodach Wiktoria\u0144skich czy pod Big Benem \ud83c\udf09 Nast\u0119pnie przeszli\u015bmy przez St. James\u2019s Park prosto pod Pa\u0142ac Buckingham, gdzie niestety, z powodu trwaj\u0105cego maratonu, nie mieli\u015bmy okazji zobaczy\u0107 zmiany warty \ud83d\udc82\u200d\u2642\ufe0f\ud83d\ude14 Po kr\u00f3tkiej wizycie w s\u0142ynnym Chinatown i chwili przerwy na Trafalgar Square, przeszli\u015bmy do Muzeum Brytyjskiego, gdzie mieli\u015bmy mo\u017cliwo\u015b\u0107 podziwia\u0107 m.in. staro\u017cytne artefakty, dzie\u0142a sztuki, zabytki z r\u00f3\u017cnych cz\u0119\u015bci \u015bwiata, r\u0119kopisy, a tak\u017ce unikalne skarby historyczne, takie jak Elgin Marbles czy kamie\u0144 z Rosetty. Po wyczerpuj\u0105cym dniu zjedli\u015bmy posi\u0142ek przy kolorowej Camden High Street \ud83e\udd61\ud83e\udd62\ud83d\udc09 Wieczorem zameldowali\u015bmy si\u0119 w hotelu i po przespanej nocy jeste\u015bmy gotowi na dalsze zwiedzanie!<br>Kolejne dni wycieczki mijaj\u0105, a my si\u0119 nie zatrzymujemy! W drugim dniu wycieczki mieli\u015bmy przyjemno\u015b\u0107 spacerowa\u0107 po klimatycznych uliczkach Oxfordu poznaj\u0105c histori\u0119 \u015bwiatowej uczelni oraz miasta. Po energetycznym i intensywnym poranku, udali\u015bmy si\u0119 do Hrabstwa Wiltshire, gdzie mie\u015bci si\u0119 znane na ca\u0142ym \u015bwiecie Stonehenge \ud83e\udea8\ud83d\uddff Niestety, pogoda nas nie rozpieszcza\u0142a, ale z pomoc\u0105 elektronicznego przewodnika, dowiedzieli\u015bmy si\u0119 wiele ciekawych informacji na temat tego tajemniczego miejsca. Nast\u0119pnego dnia udali\u015bmy si\u0119 do Wells, gdzie zwiedzili\u015bmy pi\u0119kn\u0105 Katedr\u0119 i spacerowali\u015bmy uliczkami, a nast\u0119pnie do Glastonbury w kt\u00f3rym mimo bardzo intensywnego wiatru, wspi\u0119li\u015bmy si\u0119 na najwy\u017cszy punkt w okolicy, podziwiaj\u0105c malownicze widoki \ud83d\udca8\ud83c\udfde\ufe0f . Wieczorem, spacerowali\u015bmy wzd\u0142u\u017c wybrze\u017ca w Torquay, podziwiaj\u0105c rozleg\u0142e porty i nadbrze\u017cne posiad\u0142o\u015bci \ud83d\udee5\ufe0f.<br>Dzisiaj ostatni dzie\u0144 wycieczki \ud83d\ude14. Po ca\u0142ym dniu zwiedzania Canterbury, wsiedli\u015bmy do autokaru i wracamy do domu! Przed nami kilkana\u015bcie godzin podr\u00f3\u017cy, w tym przeprawa promem z portu w Dover do Calais \ud83c\udf0a. Jeste\u015bmy pozytywnie zm\u0119czeni i bogatsi o nowe do\u015bwiadczenia i przygody. Pogoda by\u0142a bardzo zr\u00f3\u017cnicowana, od ulewy i silnego wiatru czy przepraw przez mokrad\u0142a do przesiadywania w s\u0142o\u0144cu i spacerowaniu po miejskich parkach \u263a\ufe0f. Zwiedzili\u015bmy bardzo du\u017co brytyjskich miast i zabytk\u00f3w oraz poznali\u015bmy spor\u0105 cz\u0119\u015b\u0107 historii tego kraju. Szkoda wyje\u017cd\u017ca\u0107, ale na szcz\u0119\u015bcie wra\u017cenia b\u0119d\u0105 niezapomniane! Do zobaczenia \ud83d\ude0a\ud83d\udc4b<\/p>\n\n\n\n<hr class=\"wp-block-separator has-alpha-channel-opacity\"\/>\n\n\n\n<p><\/p>\n","protected":false},"excerpt":{"rendered":"<p>\u0141UKASIAKA PODR\u00d3\u017bE MA\u0141E I DU\u017bE &#8211; \u00a0I LO w D\u0105browie to nie tylko nauka w szkolnych murach. To r\u00f3wnie\u017c ciekawie sp\u0119dzony czas oraz poszerzanie horyzont\u00f3w&hellip;<\/p>\n","protected":false},"author":1,"featured_media":0,"parent":0,"menu_order":0,"comment_status":"closed","ping_status":"closed","template":"","meta":{"footnotes":""},"class_list":["post-59","page","type-page","status-publish","hentry"],"_links":{"self":[{"href":"https:\/\/lukasinski.dg.pl\/index.php?rest_route=\/wp\/v2\/pages\/59","targetHints":{"allow":["GET"]}}],"collection":[{"href":"https:\/\/lukasinski.dg.pl\/index.php?rest_route=\/wp\/v2\/pages"}],"about":[{"href":"https:\/\/lukasinski.dg.pl\/index.php?rest_route=\/wp\/v2\/types\/page"}],"author":[{"embeddable":true,"href":"https:\/\/lukasinski.dg.pl\/index.php?rest_route=\/wp\/v2\/users\/1"}],"replies":[{"embeddable":true,"href":"https:\/\/lukasinski.dg.pl\/index.php?rest_route=%2Fwp%2Fv2%2Fcomments&post=59"}],"version-history":[{"count":5,"href":"https:\/\/lukasinski.dg.pl\/index.php?rest_route=\/wp\/v2\/pages\/59\/revisions"}],"predecessor-version":[{"id":960,"href":"https:\/\/lukasinski.dg.pl\/index.php?rest_route=\/wp\/v2\/pages\/59\/revisions\/960"}],"wp:attachment":[{"href":"https:\/\/lukasinski.dg.pl\/index.php?rest_route=%2Fwp%2Fv2%2Fmedia&parent=59"}],"curies":[{"name":"wp","href":"https:\/\/api.w.org\/{rel}","templated":true}]}}