{"id":61,"date":"2023-09-23T16:57:45","date_gmt":"2023-09-23T14:57:45","guid":{"rendered":"http:\/\/lukasinski.dg.pl\/?page_id=61"},"modified":"2026-03-30T12:01:56","modified_gmt":"2026-03-30T10:01:56","slug":"deklaracja-dostepnosci","status":"publish","type":"page","link":"https:\/\/lukasinski.dg.pl\/?page_id=61","title":{"rendered":"Deklaracja dost\u0119pno\u015bci"},"content":{"rendered":"\n<p>Deklaracja dost\u0119pno\u015bci I Liceum Og\u00f3lnokszta\u0142c\u0105cego im. W. \u0141ukasi\u0144skiego w D\u0105browie G\u00f3rniczej<\/p>\n\n\n\n<p>I Liceum Og\u00f3lnokszta\u0142c\u0105ce im. W. \u0141ukasi\u0144skiego w D\u0105browie G\u00f3rniczej&nbsp;zobowi\u0105zuje si\u0119 zapewni\u0107 dost\u0119pno\u015b\u0107 swojej strony internetowej zgodnie z przepisami ustawy z dnia 4&nbsp;kwietnia 2019&nbsp;r. o&nbsp;dost\u0119pno\u015bci cyfrowej stron internetowych i&nbsp;aplikacji mobilnych podmiot\u00f3w publicznych. O\u015bwiadczenie w sprawie dost\u0119pno\u015bci ma zastosowanie do strony internetowej&nbsp;<a href=\"https:\/\/www.lukasinski.pl\/\">I Liceum Og\u00f3lnokszta\u0142c\u0105cego im. W. \u0141ukasi\u0144skiego w D\u0105browie G\u00f3rniczej<\/a>.<\/p>\n\n\n\n<ul class=\"wp-block-list\">\n<li>Data publikacji strony internetowej:&nbsp;2006-09-01<\/li>\n\n\n\n<li>Data ostatniej istotnej aktualizacji:&nbsp;2025-01-07<\/li>\n<\/ul>\n\n\n\n<p>Status pod wzgl\u0119dem zgodno\u015bci z ustaw\u0105<\/p>\n\n\n\n<p>Strona internetowa jest&nbsp;<strong>cz\u0119\u015bciowo zgodna<\/strong>&nbsp;z&nbsp;ustaw\u0105 o&nbsp;dost\u0119pno\u015bci cyfrowej stron internetowych i&nbsp;aplikacji mobilnych podmiot\u00f3w publicznych z&nbsp;powodu niezgodno\u015bci lub wy\u0142\u0105cze\u0144 wymienionych poni\u017cej.<\/p>\n\n\n\n<p>Tre\u015bci niedost\u0119pne<\/p>\n\n\n\n<ul class=\"wp-block-list\">\n<li>Dokumenty archiwalne opublikowane na stronie przed 23 wrze\u015bnia 2018 r. nie s\u0105 dost\u0119pne. Nie mamy prawnego obowi\u0105zku dostosowywania tych dokument\u00f3w. Je\u017celi potrzebujesz dost\u0119pu do nich skontaktuj si\u0119 z nami i wska\u017c dok\u0142adnie, o kt\u00f3re z nich Ci chodzi i jak powinni\u015bmy je dostosowa\u0107.<\/li>\n\n\n\n<li>Brak formularza kontaktowego. Mo\u017cesz skontaktowa\u0107 si\u0119 z nami pisz\u0105c na adres e-mailowy lub dzwoni\u0105c do nas. Dane teleadresowe s\u0105 w zak\u0142adce kontakt.<\/li>\n\n\n\n<li>Brak odpowiedniej struktury nag\u0142\u00f3wk\u00f3w artyku\u0142\u00f3w, jak r\u00f3wnie\u017c dost\u0119pno\u015bci link\u00f3w<\/li>\n\n\n\n<li>Filmy nie posiadaj\u0105 napis\u00f3w dla os\u00f3b g\u0142uchych<\/li>\n\n\n\n<li>Informacje zamieszczone w formie za\u0142\u0105cznik\u00f3w nie s\u0105 dost\u0119pne cyfrowo<\/li>\n\n\n\n<li>Cz\u0119\u015b\u0107 materia\u0142\u00f3w do pobrania jest niedost\u0119pna cyfrowo s\u0105 w formacie pdf ze wzgl\u0119du na przeciwdzia\u0142anie dotycz\u0105ce zmiany ich tre\u015bci.<\/li>\n<\/ul>\n\n\n\n<p>Wy\u0142\u0105czenia<\/p>\n\n\n\n<ul class=\"wp-block-list\">\n<li>Informacje zamieszczone w formie za\u0142\u0105cznik\u00f3w nie s\u0105 dost\u0119pne cyfrowo w ca\u0142o\u015bci poniewa\u017c pochodz\u0105 od podmiot\u00f3w zewn\u0119trznych i zosta\u0142y przekazane do publikacji wy\u0142\u0105cznie w postaci papierowej wymagaj\u0105cej przetworzenia do postaci elektronicznej.<\/li>\n\n\n\n<li>Druki do pobrania s\u0105 w formacie pdf, ze wzgl\u0119du na przeciwdzia\u0142anie dotycz\u0105ce zmiany ich tre\u015bci.<\/li>\n\n\n\n<li>Filmy zosta\u0142y opublikowane przed wej\u015bciem w \u017cycie ustawy o dost\u0119pno\u015bci cyfrowej<\/li>\n<\/ul>\n\n\n\n<p>Przygotowanie deklaracji w sprawie dost\u0119pno\u015bci<\/p>\n\n\n\n<ul class=\"wp-block-list\">\n<li>Deklaracj\u0119 sporz\u0105dzono dnia:&nbsp;2022-03-17<\/li>\n\n\n\n<li>Deklaracj\u0119 zosta\u0142a ostatnio poddana przegl\u0105dowi i aktualizacji dnia:\u00a02023-03-30<\/li>\n<\/ul>\n\n\n\n<p>Deklaracj\u0119 sporz\u0105dzono na podstawie samooceny.<\/p>\n\n\n\n<p>Informacje zwrotne i dane kontaktowe<\/p>\n\n\n\n<ul class=\"wp-block-list\">\n<li>Za rozpatrywanie uwag i wniosk\u00f3w odpowiada:&nbsp;Na tej stronie internetowej s\u0105 problemy, kt\u00f3re wynikaj\u0105 z niespe\u0142nienia wymog\u00f3w dost\u0119pno\u015bci cyfrowej? Zg\u0142o\u015b to do &lt;kanski.tomasz@op.pl lub telefonicznie \u2013 32 262 30 93. W zg\u0142oszeniu podaj: swoje imi\u0119 i nazwisko, swoje dane kontaktowe (np. numer telefonu, e-mail), dok\u0142adny adres strony internetowej, na kt\u00f3rej jest niedost\u0119pny element lub tre\u015b\u0107, opis na czym polega problem i jaki spos\u00f3b jego rozwi\u0105zania by\u0142by dla Ciebie najwygodniejszy..<\/li>\n\n\n\n<li>E-mail:&nbsp;kanski.tomasz@op.pl<\/li>\n\n\n\n<li>Telefon:&nbsp;32 262 30 93<\/li>\n<\/ul>\n\n\n\n<p>Ka\u017cdy ma prawo:<\/p>\n\n\n\n<ul class=\"wp-block-list\">\n<li>zg\u0142osi\u0107 uwagi dotycz\u0105ce dost\u0119pno\u015bci cyfrowej strony lub jej elementu,<\/li>\n\n\n\n<li>zg\u0142osi\u0107 \u017c\u0105danie zapewnienia dost\u0119pno\u015bci cyfrowej strony lub jej elementu,<\/li>\n\n\n\n<li>wnioskowa\u0107 o udost\u0119pnienie niedost\u0119pnej informacji w innej alternatywnej formie.<\/li>\n<\/ul>\n\n\n\n<p>\u017b\u0105danie musi zawiera\u0107:<\/p>\n\n\n\n<ul class=\"wp-block-list\">\n<li>dane kontaktowe osoby zg\u0142aszaj\u0105cej,<\/li>\n\n\n\n<li>wskazanie strony lub elementu strony, kt\u00f3rej dotyczy \u017c\u0105danie,<\/li>\n\n\n\n<li>wskazanie dogodnej formy udost\u0119pnienia informacji, je\u015bli \u017c\u0105danie dotyczy udost\u0119pnienia w formie alternatywnej informacji niedost\u0119pnej.<\/li>\n<\/ul>\n\n\n\n<p>Rozpatrzenie zg\u0142oszenia powinno nast\u0105pi\u0107 niezw\u0142ocznie, najp\u00f3\u017aniej w ci\u0105gu 7 dni. Je\u015bli w tym terminie zapewnienie dost\u0119pno\u015bci albo zapewnienie dost\u0119pu w alternatywnej formie nie jest mo\u017cliwe, powinno nast\u0105pi\u0107 najdalej w ci\u0105gu 2 miesi\u0119cy od daty zg\u0142oszenia.<\/p>\n\n\n\n<p>Skargi i odwo\u0142ania<\/p>\n\n\n\n<p>Na niedotrzymanie tych termin\u00f3w oraz na odmow\u0119 realizacji \u017c\u0105dania mo\u017cna z\u0142o\u017cy\u0107 skarg\u0119 do organu nadzoruj\u0105cego poczt\u0105 lub drog\u0105 elektroniczn\u0105 na adres:<\/p>\n\n\n\n<ul class=\"wp-block-list\">\n<li>Organ nadzoruj\u0105cy: Dyrektor I Liceum Og\u00f3lnokszta\u0142c\u0105cego w D\u0105browie G\u00f3rniczej Pani Beata Bo\u0144czak<\/li>\n\n\n\n<li>Adres: I Liceum Og\u00f3lnokszta\u0142c\u0105ce im. Waleriana \u0141ukasi\u0144skiego<br>w D\u0105browie G\u00f3rniczej<br>ul. Kopernika 40<\/li>\n\n\n\n<li>E-mail: sekretariat@lukasinski.pl<\/li>\n\n\n\n<li>Telefon: 32 262 30 93<\/li>\n<\/ul>\n\n\n\n<p>Skarg\u0119 mo\u017cna z\u0142o\u017cy\u0107 r\u00f3wnie\u017c do&nbsp;<a href=\"https:\/\/www.rpo.gov.pl\/content\/jak-zglosic-sie-do-rzecznika-praw-obywatelskich\">Rzecznika Praw Obywatelskich<\/a>.<\/p>\n\n\n\n<p>Dost\u0119pno\u015b\u0107 architektoniczna<\/p>\n\n\n\n<p>I Liceum Og\u00f3lnokszta\u0142c\u0105ce im. W. \u0141ukasi\u0144skiego w D\u0105browie G\u00f3rniczejMo\u017cesz przyj\u015b\u0107 z psem asystuj\u0105cym lub psem przewodnikiem. Pami\u0119taj o certyfikacie psa asystuj\u0105cego i za\u015bwiadczeniu o szczepieniu.<br>Pies musi mie\u0107 kaganiec. Nie dotyczy ps\u00f3w przewodnik\u00f3w.<br>Zapewniamy wod\u0119 dla zwierzaka.<\/p>\n\n\n\n<p>Parking znajduje si\u0119 na wprost wej\u015bcia g\u0142\u00f3wnego do budynku<br>Parking jest bezp\u0142atny.<br>Nie mamy wyznaczonych miejsc parkingowych dla os\u00f3b niepe\u0142nosprawnych.<\/p>\n\n\n\n<p>Do wej\u015bcia prowadz\u0105 schody.<br>Drzwi musisz otworzy\u0107 r\u0119cznie.<br>Otwieraj\u0105 si\u0119 na zewn\u0105trz.<br>Otworzenie drzwi nie wymaga du\u017cej si\u0142y<br>Drzwi maj\u0105 wygodn\u0105 i ergonomiczn\u0105 klamk\u0119.<br>Skorzystaj z dzwonka przy drzwiach.<\/p>\n\n\n\n<p>Przestrze\u0144 jest zazwyczaj cicha i spokojna.<br>Punkt obs\u0142ugi znajduje si\u0119 po lewej stronie.<\/p>\n\n\n\n<p>Dla os\u00f3b na w\u00f3zkach dost\u0119pny jest tylko korytarz i pomieszczenia na parterze.<br>Cz\u0119\u015b\u0107 korytarzy nie jest dost\u0119pna dla os\u00f3b poruszaj\u0105cych si\u0119 na w\u00f3zkach.<\/p>\n\n\n\n<p>Toaleta znajduje si\u0119 na parterze, po prawej stronie korytarza.<\/p>\n\n\n\n<p>Na inne kondygnacje mo\u017cesz si\u0119 dosta\u0107 za pomoc\u0105 schod\u00f3w.<\/p>\n\n\n\n<p>Informacje dodatkowe<\/p>\n\n\n\n<p>U\u0142atwienia<\/p>\n\n\n\n<p>Na stronie zastosowano poni\u017csze u\u0142atwienia:<\/p>\n\n\n\n<p>\u2013 mo\u017cliwo\u015b\u0107 zmiany wielko\u015bci liter na stronie<br>\u2013 mo\u017cliwo\u015b\u0107 zmiany czcionki na czcionk\u0119 u\u0142atwiaj\u0105c\u0105 czytanie<br>\u2013 podwy\u017cszony kontrast<br>\u2013 podkre\u015blenie lub pod\u015bwietlenie link\u00f3w<br>\u2013 mo\u017cliwo\u015b\u0107 odwr\u00f3cenia kolor\u00f3w<br>\u2013 nawigacja klawiatur\u0105. Na stronie mo\u017cna korzysta\u0107 ze standardowych skr\u00f3t\u00f3w klawiszowych. Witryna jest dostosowana do obs\u0142ugi zar\u00f3wno myszk\u0105, jak i sam\u0105 klawiatur\u0105, za pomoc\u0105 klawiszy: TAB \u2013 przej\u015bcie do nast\u0119pnego elementu mo\u017cliwego do klikni\u0119cia SHIFT + TAB \u2013 przej\u015bcie do poprzedniego elementu mo\u017cliwego do klikni\u0119cia ENTER \u2013 zatwierdzenie akcji \u2193\u2191 \u2013 przewijanie strony PgUP \u2013 przewijanie strony w g\u00f3r\u0119 PgDn \u2013 przewijanie strony w d\u00f3\u0142<\/p>\n\n\n\n<p>Inne informacje i o\u015bwiadczenia<\/p>\n\n\n\n<p>Na Twoje zg\u0142oszenie odpowiemy najszybciej jak to mo\u017cliwe, nie p\u00f3\u017aniej ni\u017c w ci\u0105gu 7 dni od jego otrzymania.<\/p>\n\n\n\n<p>Je\u017celi ten termin b\u0119dzie dla nas zbyt kr\u00f3tki poinformujemy Ci\u0119 o tym. W tej informacji podamy nowy termin, do kt\u00f3rego poprawimy zg\u0142oszone przez Ciebie b\u0142\u0119dy lub przygotujemy informacje w alternatywny spos\u00f3b. Ten nowy termin nie b\u0119dzie d\u0142u\u017cszy ni\u017c 2 miesi\u0105ce.<\/p>\n\n\n\n<p>Je\u017celi nie b\u0119dziemy w stanie zapewni\u0107 dost\u0119pno\u015bci cyfrowej strony internetowej lub tre\u015bci, z Twojego zg\u0142oszeniu, zaproponujemy Ci dost\u0119p do nich w alternatywny spos\u00f3b.<\/p>\n","protected":false},"excerpt":{"rendered":"<p>Deklaracja dost\u0119pno\u015bci I Liceum Og\u00f3lnokszta\u0142c\u0105cego im. W. \u0141ukasi\u0144skiego w D\u0105browie G\u00f3rniczej I Liceum Og\u00f3lnokszta\u0142c\u0105ce im. W. \u0141ukasi\u0144skiego w D\u0105browie G\u00f3rniczej&nbsp;zobowi\u0105zuje si\u0119 zapewni\u0107 dost\u0119pno\u015b\u0107 swojej strony&hellip;<\/p>\n","protected":false},"author":1,"featured_media":0,"parent":0,"menu_order":0,"comment_status":"closed","ping_status":"closed","template":"","meta":{"footnotes":""},"class_list":["post-61","page","type-page","status-publish","hentry"],"_links":{"self":[{"href":"https:\/\/lukasinski.dg.pl\/index.php?rest_route=\/wp\/v2\/pages\/61","targetHints":{"allow":["GET"]}}],"collection":[{"href":"https:\/\/lukasinski.dg.pl\/index.php?rest_route=\/wp\/v2\/pages"}],"about":[{"href":"https:\/\/lukasinski.dg.pl\/index.php?rest_route=\/wp\/v2\/types\/page"}],"author":[{"embeddable":true,"href":"https:\/\/lukasinski.dg.pl\/index.php?rest_route=\/wp\/v2\/users\/1"}],"replies":[{"embeddable":true,"href":"https:\/\/lukasinski.dg.pl\/index.php?rest_route=%2Fwp%2Fv2%2Fcomments&post=61"}],"version-history":[{"count":4,"href":"https:\/\/lukasinski.dg.pl\/index.php?rest_route=\/wp\/v2\/pages\/61\/revisions"}],"predecessor-version":[{"id":2751,"href":"https:\/\/lukasinski.dg.pl\/index.php?rest_route=\/wp\/v2\/pages\/61\/revisions\/2751"}],"wp:attachment":[{"href":"https:\/\/lukasinski.dg.pl\/index.php?rest_route=%2Fwp%2Fv2%2Fmedia&parent=61"}],"curies":[{"name":"wp","href":"https:\/\/api.w.org\/{rel}","templated":true}]}}