{"id":63,"date":"2023-09-23T16:58:01","date_gmt":"2023-09-23T14:58:01","guid":{"rendered":"http:\/\/lukasinski.dg.pl\/?page_id=63"},"modified":"2025-09-05T09:34:11","modified_gmt":"2025-09-05T07:34:11","slug":"kontakt","status":"publish","type":"page","link":"https:\/\/lukasinski.dg.pl\/?page_id=63","title":{"rendered":"Kontakt"},"content":{"rendered":"\n<p class=\"has-text-align-center\"><strong>I Liceum Og\u00f3lnokszta\u0142c\u0105ce im. Waleriana \u0141ukasi\u0144skiego<\/strong><strong><br><\/strong><strong>w D\u0105browie G\u00f3rniczej<\/strong><br>ul. Kopernika 40<br>tel: 32 262 30 93<br><strong>e-mail:<\/strong>&nbsp;<a href=\"mailto:sekretariat@lukasinski.dg.pl\" target=\"_blank\" rel=\"noreferrer noopener\">sekretariat@lukasinski.dg.pl<\/a><br>ePUAP: \/ILODG\/skrytkaESP<\/p>\n\n\n\n<p class=\"has-text-align-center\">Monika Wijas \u2013 sekretarz szko\u0142y<br>Kamila Antosik- referent<br><br><strong>Sekretariat czynny:<\/strong><\/p>\n\n\n\n<p class=\"has-text-align-center\"><strong>poniedzia\u0142ek:&nbsp;<\/strong>7.30 \u2013 15.30<br><strong>wtorek<\/strong>: 7.30 \u2013 16.00<br><strong>\u015broda <\/strong>7.30 \u2013 16.00<br><strong>czwartek <\/strong>7.30 \u2013 16.00<br><strong>pi\u0105tek:<\/strong>&nbsp;7.30 \u2013 14.00<\/p>\n\n\n\n<p class=\"has-text-align-center\"><strong>Dyrektor Szko\u0142y<\/strong>\u00a0\u2013 mgr Beata Bo\u0144czak<br><strong>Zast\u0119pca Dyrektora Szko\u0142y<\/strong>\u00a0\u2013 mgr Monika Muszkat-Zieli\u0144ska<\/p>\n\n\n\n<p><\/p>\n","protected":false},"excerpt":{"rendered":"<p>I Liceum Og\u00f3lnokszta\u0142c\u0105ce im. Waleriana \u0141ukasi\u0144skiegow D\u0105browie G\u00f3rniczejul. Kopernika 40tel: 32 262 30 93e-mail:&nbsp;sekretariat@lukasinski.dg.plePUAP: \/ILODG\/skrytkaESP Monika Wijas \u2013 sekretarz szko\u0142yKamila Antosik- referent Sekretariat czynny: poniedzia\u0142ek:&nbsp;7.30&hellip;<\/p>\n","protected":false},"author":1,"featured_media":0,"parent":0,"menu_order":0,"comment_status":"closed","ping_status":"closed","template":"","meta":{"footnotes":""},"class_list":["post-63","page","type-page","status-publish","hentry"],"_links":{"self":[{"href":"https:\/\/lukasinski.dg.pl\/index.php?rest_route=\/wp\/v2\/pages\/63","targetHints":{"allow":["GET"]}}],"collection":[{"href":"https:\/\/lukasinski.dg.pl\/index.php?rest_route=\/wp\/v2\/pages"}],"about":[{"href":"https:\/\/lukasinski.dg.pl\/index.php?rest_route=\/wp\/v2\/types\/page"}],"author":[{"embeddable":true,"href":"https:\/\/lukasinski.dg.pl\/index.php?rest_route=\/wp\/v2\/users\/1"}],"replies":[{"embeddable":true,"href":"https:\/\/lukasinski.dg.pl\/index.php?rest_route=%2Fwp%2Fv2%2Fcomments&post=63"}],"version-history":[{"count":8,"href":"https:\/\/lukasinski.dg.pl\/index.php?rest_route=\/wp\/v2\/pages\/63\/revisions"}],"predecessor-version":[{"id":2094,"href":"https:\/\/lukasinski.dg.pl\/index.php?rest_route=\/wp\/v2\/pages\/63\/revisions\/2094"}],"wp:attachment":[{"href":"https:\/\/lukasinski.dg.pl\/index.php?rest_route=%2Fwp%2Fv2%2Fmedia&parent=63"}],"curies":[{"name":"wp","href":"https:\/\/api.w.org\/{rel}","templated":true}]}}